{"id":275,"date":"2019-10-15T08:51:55","date_gmt":"2019-10-15T06:51:55","guid":{"rendered":"http:\/\/poligloci.edu.pl\/szkola-jezykowa\/"},"modified":"2019-12-13T16:08:19","modified_gmt":"2019-12-13T15:08:19","slug":"szkola-jezykowa","status":"publish","type":"page","link":"https:\/\/poligloci.edu.pl\/en\/szkola-jezykowa\/","title":{"rendered":"Language School"},"content":{"rendered":"<!--themify_builder_content-->\n<div id=\"themify_builder_content-275\" data-postid=\"275\" class=\"themify_builder_content themify_builder_content-275 themify_builder tf_clear\">\n                    <div  data-lazy=\"1\" class=\"module_row themify_builder_row tb_8wt3575 tb_first tf_w wow\" data-tf-animation=\"fadeIn\">\n                        <div class=\"row_inner col_align_top tb_col_count_2 tf_box tf_rel\">\n                        <div  data-lazy=\"1\" class=\"module_column tb-column col4-2 tb_jbxe583 first\">\n                    <!-- module text -->\n<div  class=\"module module-text tb_f08w585    wow\" data-tf-animation=\"fadeInDown\" data-tf-animation_delay=\".5\" data-lazy=\"1\">\n        <div  class=\"tb_text_wrap\">\n        <h1>Language School<\/h1>\n    <\/div>\n<\/div>\n<!-- \/module text --><!-- module image -->\n<div  class=\"module module-image tb_kicm587 image-top  poligloci-div tf_mw wow\" data-tf-animation=\"fadeIn\" data-tf-animation_delay=\".6\" data-lazy=\"1\">\n        <div class=\"image-wrap tf_rel tf_mw\">\n            <img loading=\"lazy\" decoding=\"async\" src=\"http:\/\/poligloci.edu.pl\/wp-content\/uploads\/2019\/10\/favicon_poligloci.png\" width=\"32\" height=\"32\" title=\"Language School\" alt=\"Language School\">    \n        <\/div>\n    <!-- \/image-wrap -->\n    \n        <\/div>\n<!-- \/module image --><!-- module text -->\n<div  class=\"module module-text tb_r2yb588    wow\" data-tf-animation=\"fadeInDown\" data-tf-animation_delay=\"0.7\" data-lazy=\"1\">\n        <div  class=\"tb_text_wrap\">\n        <p>The Poligloci Language School is a modern language education centre relying on the knowledge, experience and commitment of its tutors. It combines the best didactic traditions with modern strategies of knowledge transfer. <\/p>\n    <\/div>\n<\/div>\n<!-- \/module text -->        <\/div>\n                    <div  data-lazy=\"1\" class=\"module_column tb-column col4-2 tb_y8pu590 last\">\n                            <\/div>\n                        <\/div>\n        <\/div>\n                        <div  data-css_id=\"7h32576\" data-lazy=\"1\" class=\"module_row themify_builder_row fullwidth_row_container tb_7h32576 tf_w wow\" data-tf-animation=\"fadeIn\">\n                        <div class=\"row_inner col_align_top tb_col_count_1 tf_box tf_rel\">\n                        <div  data-lazy=\"1\" class=\"module_column tb-column col-full tb_ycud617 first\">\n                            <div  data-lazy=\"1\" class=\"module_subrow themify_builder_sub_row tf_w col_align_top tb_col_count_1 tb_1gnd619\">\n                <div  data-lazy=\"1\" class=\"module_column sub_column col-full tb_l9y7620 first\">\n                    <!-- module buttons -->\n<div  class=\"module module-buttons tb_vl17357 buttons-horizontal outline  large circle\" data-lazy=\"1\">\n        <div class=\"module-buttons-item tf_in_flx\">\n                        <a href=\"\/kursy-jezykowe\" class=\"ui builder_button tf_in_flx tb_default_color\" >\n                                                Check our offer                                        <\/a>\n                <\/div>\n            <\/div>\n<!-- \/module buttons -->\n        <\/div>\n                    <\/div>\n                <\/div>\n                        <\/div>\n        <\/div>\n                        <div  data-lazy=\"1\" class=\"module_row themify_builder_row tb_cst5576 tf_w\">\n                        <div class=\"row_inner col_align_top tb_col_count_2 tf_box tf_rel\">\n                        <div  data-lazy=\"1\" class=\"module_column tb-column col4-2 tb_mhta603 first\">\n                    <!-- module text -->\n<div  class=\"module module-text tb_eirp603    wow\" data-tf-animation=\"fadeInDown\" data-tf-animation_delay=\".5\" data-lazy=\"1\">\n        <div  class=\"tb_text_wrap\">\n        <h2>Language school of the highest standard<\/h2>\n    <\/div>\n<\/div>\n<!-- \/module text --><!-- module image -->\n<div  class=\"module module-image tb_wumy256 image-top  poligloci-div tf_mw\" data-lazy=\"1\">\n        <div class=\"image-wrap tf_rel tf_mw\">\n            <img loading=\"lazy\" decoding=\"async\" src=\"http:\/\/poligloci.edu.pl\/wp-content\/uploads\/2019\/10\/favicon_poligloci.png\" width=\"32\" height=\"32\" title=\"Language School\" alt=\"Language School\">    \n        <\/div>\n    <!-- \/image-wrap -->\n    \n        <\/div>\n<!-- \/module image --><!-- module text -->\n<div  class=\"module module-text tb_fs1m363    wow\" data-tf-animation=\"fadeInDown\" data-tf-animation_delay=\"0.7\" data-lazy=\"1\">\n        <div  class=\"tb_text_wrap\">\n        <p>In our language school we focus on professionalism, high standard of classes and their diversity, so that we are able to meet the expectations of each client, both companies and individuals throughout the country. <\/p>\n    <\/div>\n<\/div>\n<!-- \/module text -->        <\/div>\n                    <div  data-lazy=\"1\" class=\"module_column tb-column col4-2 tb_buxr94 last\">\n                    <!-- module text -->\n<div  class=\"module module-text tb_umxj857    wow\" data-tf-animation=\"fadeInDown\" data-tf-animation_delay=\".5\" data-lazy=\"1\">\n        <div  class=\"tb_text_wrap\">\n        <h2>The most important languages in the world<\/h2>\n    <\/div>\n<\/div>\n<!-- \/module text --><!-- module image -->\n<div  class=\"module module-image tb_fko4604 image-top  poligloci-div tf_mw\" data-lazy=\"1\">\n        <div class=\"image-wrap tf_rel tf_mw\">\n            <img loading=\"lazy\" decoding=\"async\" src=\"http:\/\/poligloci.edu.pl\/wp-content\/uploads\/2019\/10\/favicon_poligloci.png\" width=\"32\" height=\"32\" title=\"Language School\" alt=\"Language School\">    \n        <\/div>\n    <!-- \/image-wrap -->\n    \n        <\/div>\n<!-- \/module image --><!-- module text -->\n<div  class=\"module module-text tb_71pj968    wow\" data-tf-animation=\"fadeInDown\" data-tf-animation_delay=\"0.7\" data-lazy=\"1\">\n        <div  class=\"tb_text_wrap\">\n        <p>We teach English, German, French, Italian, Spanish, Czech, Russian, Polish for foreigners, Chinese and Japanese at all levels. We also offer business-oriented courses in English, German, French, Italian, Spanish and Russian.<\/p>\n    <\/div>\n<\/div>\n<!-- \/module text -->        <\/div>\n                        <\/div>\n        <\/div>\n                        <div  data-lazy=\"1\" class=\"module_row themify_builder_row tb_jup535 tf_w\">\n                        <div class=\"row_inner col_align_top tb_col_count_2 tf_box tf_rel\">\n                        <div  data-lazy=\"1\" class=\"module_column tb-column col4-2 tb_y1vf41 first\">\n                    <!-- module text -->\n<div  class=\"module module-text tb_ugzm43    wow\" data-tf-animation=\"fadeInDown\" data-tf-animation_delay=\".5\" data-lazy=\"1\">\n        <div  class=\"tb_text_wrap\">\n        <h2>We let our results speak for us<\/h2>\n    <\/div>\n<\/div>\n<!-- \/module text --><!-- module image -->\n<div  class=\"module module-image tb_nv6345 image-top  poligloci-div tf_mw\" data-lazy=\"1\">\n        <div class=\"image-wrap tf_rel tf_mw\">\n            <img loading=\"lazy\" decoding=\"async\" src=\"http:\/\/poligloci.edu.pl\/wp-content\/uploads\/2019\/10\/favicon_poligloci.png\" width=\"32\" height=\"32\" title=\"Language School\" alt=\"Language School\">    \n        <\/div>\n    <!-- \/image-wrap -->\n    \n        <\/div>\n<!-- \/module image --><!-- module text -->\n<div  class=\"module module-text tb_yrdx46    wow\" data-tf-animation=\"fadeInDown\" data-tf-animation_delay=\"0.7\" data-lazy=\"1\">\n        <div  class=\"tb_text_wrap\">\n        <p>The most important thing is the results of our joint work. We measure them by the satisfaction and achievements of our clients, who overcome language barriers and gain not only fluency in communication but also self-confidence and freedom of expression that are so much needed in contact with business partners and in other communication contexts.<\/p>\n    <\/div>\n<\/div>\n<!-- \/module text -->        <\/div>\n                    <div  data-lazy=\"1\" class=\"module_column tb-column col4-2 tb_qzue47 last\">\n                    <!-- module text -->\n<div  class=\"module module-text tb_37y149    wow\" data-tf-animation=\"fadeInDown\" data-tf-animation_delay=\".5\" data-lazy=\"1\">\n        <div  class=\"tb_text_wrap\">\n        <h2>Language courses tailored to your needs<\/h2>\n    <\/div>\n<\/div>\n<!-- \/module text --><!-- module image -->\n<div  class=\"module module-image tb_jajj50 image-top  poligloci-div tf_mw\" data-lazy=\"1\">\n        <div class=\"image-wrap tf_rel tf_mw\">\n            <img loading=\"lazy\" decoding=\"async\" src=\"http:\/\/poligloci.edu.pl\/wp-content\/uploads\/2019\/10\/favicon_poligloci.png\" width=\"32\" height=\"32\" title=\"Language School\" alt=\"Language School\">    \n        <\/div>\n    <!-- \/image-wrap -->\n    \n        <\/div>\n<!-- \/module image --><!-- module text -->\n<div  class=\"module module-text tb_i1bs51    wow\" data-tf-animation=\"fadeInDown\" data-tf-animation_delay=\"0.7\" data-lazy=\"1\">\n        <div  class=\"tb_text_wrap\">\n        <p>Taking care of our clients&#8217; convenience, we organize group and individual courses outside the walls of the language school &#8211; throughout the country, both in companies and at our client\u2019s place, as well as online without the need to leave home.<\/p>\n    <\/div>\n<\/div>\n<!-- \/module text -->        <\/div>\n                        <\/div>\n        <\/div>\n        <\/div>\n<!--\/themify_builder_content-->","protected":false},"excerpt":{"rendered":"<p>Language School The Poligloci Language School is a modern language education centre relying on the knowledge, experience and commitment of its tutors. It combines the best didactic traditions with modern strategies of knowledge transfer. Check our offer Language school of the highest standard In our language school we focus on professionalism, high standard of classes [&hellip;]<\/p>\n","protected":false},"author":1,"featured_media":0,"parent":0,"menu_order":2,"comment_status":"closed","ping_status":"closed","template":"","meta":{"footnotes":""},"class_list":["post-275","page","type-page","status-publish","hentry","has-post-title","has-post-date","has-post-category","has-post-tag","has-post-comment","has-post-author",""],"yoast_head":"<!-- This site is optimized with the Yoast SEO plugin v24.5 - https:\/\/yoast.com\/wordpress\/plugins\/seo\/ -->\n<title>Language School - POLIGLOCI<\/title>\n<meta name=\"description\" content=\"Szko\u0142a j\u0119zykowa Poligloci to nowoczesne centrum kszta\u0142cenia j\u0119zykowego, oparte na wiedzy, do\u015bwiadczeniu i zaanga\u017cowaniu lektor\u00f3w.\" \/>\n<meta name=\"robots\" content=\"index, follow, max-snippet:-1, max-image-preview:large, max-video-preview:-1\" \/>\n<link rel=\"canonical\" href=\"https:\/\/poligloci.edu.pl\/en\/szkola-jezykowa\/\" \/>\n<meta property=\"og:locale\" content=\"en_US\" \/>\n<meta property=\"og:type\" content=\"article\" \/>\n<meta property=\"og:title\" content=\"Language School - POLIGLOCI\" \/>\n<meta property=\"og:description\" content=\"Szko\u0142a j\u0119zykowa Poligloci to nowoczesne centrum kszta\u0142cenia j\u0119zykowego, oparte na wiedzy, do\u015bwiadczeniu i zaanga\u017cowaniu lektor\u00f3w.\" \/>\n<meta property=\"og:url\" content=\"https:\/\/poligloci.edu.pl\/szkola-jezykowa\/\" \/>\n<meta property=\"og:site_name\" content=\"POLIGLOCI\" \/>\n<meta property=\"article:modified_time\" content=\"2019-12-13T15:08:19+00:00\" \/>\n<meta property=\"og:image\" content=\"https:\/\/poligloci.edu.pl\/wp-content\/uploads\/2019\/10\/favicon_poligloci.png\" \/>\n<meta name=\"twitter:card\" content=\"summary_large_image\" \/>\n<meta name=\"twitter:label1\" content=\"Est. reading time\" \/>\n\t<meta name=\"twitter:data1\" content=\"1 minute\" \/>\n<script type=\"application\/ld+json\" class=\"yoast-schema-graph\">{\"@context\":\"https:\/\/schema.org\",\"@graph\":[{\"@type\":\"WebPage\",\"@id\":\"https:\/\/poligloci.edu.pl\/szkola-jezykowa\/\",\"url\":\"https:\/\/poligloci.edu.pl\/szkola-jezykowa\/\",\"name\":\"Language School - POLIGLOCI\",\"isPartOf\":{\"@id\":\"\/#website\"},\"primaryImageOfPage\":{\"@id\":\"https:\/\/poligloci.edu.pl\/szkola-jezykowa\/#primaryimage\"},\"image\":{\"@id\":\"https:\/\/poligloci.edu.pl\/szkola-jezykowa\/#primaryimage\"},\"thumbnailUrl\":\"https:\/\/poligloci.edu.pl\/wp-content\/uploads\/2019\/10\/favicon_poligloci.png\",\"datePublished\":\"2019-10-15T06:51:55+00:00\",\"dateModified\":\"2019-12-13T15:08:19+00:00\",\"description\":\"Szko\u0142a j\u0119zykowa Poligloci to nowoczesne centrum kszta\u0142cenia j\u0119zykowego, oparte na wiedzy, do\u015bwiadczeniu i zaanga\u017cowaniu lektor\u00f3w.\",\"breadcrumb\":{\"@id\":\"https:\/\/poligloci.edu.pl\/szkola-jezykowa\/#breadcrumb\"},\"inLanguage\":\"en-US\",\"potentialAction\":[{\"@type\":\"ReadAction\",\"target\":[\"https:\/\/poligloci.edu.pl\/szkola-jezykowa\/\"]}]},{\"@type\":\"ImageObject\",\"inLanguage\":\"en-US\",\"@id\":\"https:\/\/poligloci.edu.pl\/szkola-jezykowa\/#primaryimage\",\"url\":\"https:\/\/poligloci.edu.pl\/wp-content\/uploads\/2019\/10\/favicon_poligloci.png\",\"contentUrl\":\"https:\/\/poligloci.edu.pl\/wp-content\/uploads\/2019\/10\/favicon_poligloci.png\"},{\"@type\":\"BreadcrumbList\",\"@id\":\"https:\/\/poligloci.edu.pl\/szkola-jezykowa\/#breadcrumb\",\"itemListElement\":[{\"@type\":\"ListItem\",\"position\":1,\"name\":\"Strona g\u0142\u00f3wna\",\"item\":\"https:\/\/poligloci.edu.pl\/en\/\"},{\"@type\":\"ListItem\",\"position\":2,\"name\":\"Language School\"}]},{\"@type\":\"WebSite\",\"@id\":\"\/#website\",\"url\":\"\/\",\"name\":\"POLIGLOCI\",\"description\":\"Centrum Szkole\u0144 J\u0119zykowych, Szko\u0142a j\u0119zykowa, kurs angielskiego Katowice\",\"potentialAction\":[{\"@type\":\"SearchAction\",\"target\":{\"@type\":\"EntryPoint\",\"urlTemplate\":\"\/?s={search_term_string}\"},\"query-input\":{\"@type\":\"PropertyValueSpecification\",\"valueRequired\":true,\"valueName\":\"search_term_string\"}}],\"inLanguage\":\"en-US\"}]}<\/script>\n<!-- \/ Yoast SEO plugin. -->","yoast_head_json":{"title":"Language School - POLIGLOCI","description":"Szko\u0142a j\u0119zykowa Poligloci to nowoczesne centrum kszta\u0142cenia j\u0119zykowego, oparte na wiedzy, do\u015bwiadczeniu i zaanga\u017cowaniu lektor\u00f3w.","robots":{"index":"index","follow":"follow","max-snippet":"max-snippet:-1","max-image-preview":"max-image-preview:large","max-video-preview":"max-video-preview:-1"},"canonical":"https:\/\/poligloci.edu.pl\/en\/szkola-jezykowa\/","og_locale":"en_US","og_type":"article","og_title":"Language School - POLIGLOCI","og_description":"Szko\u0142a j\u0119zykowa Poligloci to nowoczesne centrum kszta\u0142cenia j\u0119zykowego, oparte na wiedzy, do\u015bwiadczeniu i zaanga\u017cowaniu lektor\u00f3w.","og_url":"https:\/\/poligloci.edu.pl\/szkola-jezykowa\/","og_site_name":"POLIGLOCI","article_modified_time":"2019-12-13T15:08:19+00:00","og_image":[{"url":"https:\/\/poligloci.edu.pl\/wp-content\/uploads\/2019\/10\/favicon_poligloci.png","type":"","width":"","height":""}],"twitter_card":"summary_large_image","twitter_misc":{"Est. reading time":"1 minute"},"schema":{"@context":"https:\/\/schema.org","@graph":[{"@type":"WebPage","@id":"https:\/\/poligloci.edu.pl\/szkola-jezykowa\/","url":"https:\/\/poligloci.edu.pl\/szkola-jezykowa\/","name":"Language School - POLIGLOCI","isPartOf":{"@id":"\/#website"},"primaryImageOfPage":{"@id":"https:\/\/poligloci.edu.pl\/szkola-jezykowa\/#primaryimage"},"image":{"@id":"https:\/\/poligloci.edu.pl\/szkola-jezykowa\/#primaryimage"},"thumbnailUrl":"https:\/\/poligloci.edu.pl\/wp-content\/uploads\/2019\/10\/favicon_poligloci.png","datePublished":"2019-10-15T06:51:55+00:00","dateModified":"2019-12-13T15:08:19+00:00","description":"Szko\u0142a j\u0119zykowa Poligloci to nowoczesne centrum kszta\u0142cenia j\u0119zykowego, oparte na wiedzy, do\u015bwiadczeniu i zaanga\u017cowaniu lektor\u00f3w.","breadcrumb":{"@id":"https:\/\/poligloci.edu.pl\/szkola-jezykowa\/#breadcrumb"},"inLanguage":"en-US","potentialAction":[{"@type":"ReadAction","target":["https:\/\/poligloci.edu.pl\/szkola-jezykowa\/"]}]},{"@type":"ImageObject","inLanguage":"en-US","@id":"https:\/\/poligloci.edu.pl\/szkola-jezykowa\/#primaryimage","url":"https:\/\/poligloci.edu.pl\/wp-content\/uploads\/2019\/10\/favicon_poligloci.png","contentUrl":"https:\/\/poligloci.edu.pl\/wp-content\/uploads\/2019\/10\/favicon_poligloci.png"},{"@type":"BreadcrumbList","@id":"https:\/\/poligloci.edu.pl\/szkola-jezykowa\/#breadcrumb","itemListElement":[{"@type":"ListItem","position":1,"name":"Strona g\u0142\u00f3wna","item":"https:\/\/poligloci.edu.pl\/en\/"},{"@type":"ListItem","position":2,"name":"Language School"}]},{"@type":"WebSite","@id":"\/#website","url":"\/","name":"POLIGLOCI","description":"Centrum Szkole\u0144 J\u0119zykowych, Szko\u0142a j\u0119zykowa, kurs angielskiego Katowice","potentialAction":[{"@type":"SearchAction","target":{"@type":"EntryPoint","urlTemplate":"\/?s={search_term_string}"},"query-input":{"@type":"PropertyValueSpecification","valueRequired":true,"valueName":"search_term_string"}}],"inLanguage":"en-US"}]}},"builder_content":"<h1>Language School<\/h1>\n<img src=\"http:\/\/poligloci.edu.pl\/wp-content\/uploads\/2019\/10\/favicon_poligloci.png\" width=\"32\" height=\"32\" title=\"Language School\" alt=\"Language School\">\n<p>The Poligloci Language School is a modern language education centre relying on the knowledge, experience and commitment of its tutors. It combines the best didactic traditions with modern strategies of knowledge transfer. <\/p>\n<a href=\"\/kursy-jezykowe\" > Check our offer <\/a>\n<h2>Language school of the highest standard<\/h2>\n<img src=\"http:\/\/poligloci.edu.pl\/wp-content\/uploads\/2019\/10\/favicon_poligloci.png\" width=\"32\" height=\"32\" title=\"Language School\" alt=\"Language School\">\n<p>In our language school we focus on professionalism, high standard of classes and their diversity, so that we are able to meet the expectations of each client, both companies and individuals throughout the country. <\/p>\n<h2>The most important languages in the world<\/h2>\n<img src=\"http:\/\/poligloci.edu.pl\/wp-content\/uploads\/2019\/10\/favicon_poligloci.png\" width=\"32\" height=\"32\" title=\"Language School\" alt=\"Language School\">\n<p>We teach English, German, French, Italian, Spanish, Czech, Russian, Polish for foreigners, Chinese and Japanese at all levels. We also offer business-oriented courses in English, German, French, Italian, Spanish and Russian.<\/p>\n<h2>We let our results speak for us<\/h2>\n<img src=\"http:\/\/poligloci.edu.pl\/wp-content\/uploads\/2019\/10\/favicon_poligloci.png\" width=\"32\" height=\"32\" title=\"Language School\" alt=\"Language School\">\n<p>The most important thing is the results of our joint work. We measure them by the satisfaction and achievements of our clients, who overcome language barriers and gain not only fluency in communication but also self-confidence and freedom of expression that are so much needed in contact with business partners and in other communication contexts.<\/p>\n<h2>Language courses tailored to your needs<\/h2>\n<img src=\"http:\/\/poligloci.edu.pl\/wp-content\/uploads\/2019\/10\/favicon_poligloci.png\" width=\"32\" height=\"32\" title=\"Language School\" alt=\"Language School\">\n<p>Taking care of our clients' convenience, we organize group and individual courses outside the walls of the language school - throughout the country, both in companies and at our client\u2019s place, as well as online without the need to leave home.<\/p>","_links":{"self":[{"href":"https:\/\/poligloci.edu.pl\/en\/wp-json\/wp\/v2\/pages\/275","targetHints":{"allow":["GET"]}}],"collection":[{"href":"https:\/\/poligloci.edu.pl\/en\/wp-json\/wp\/v2\/pages"}],"about":[{"href":"https:\/\/poligloci.edu.pl\/en\/wp-json\/wp\/v2\/types\/page"}],"author":[{"embeddable":true,"href":"https:\/\/poligloci.edu.pl\/en\/wp-json\/wp\/v2\/users\/1"}],"replies":[{"embeddable":true,"href":"https:\/\/poligloci.edu.pl\/en\/wp-json\/wp\/v2\/comments?post=275"}],"version-history":[{"count":0,"href":"https:\/\/poligloci.edu.pl\/en\/wp-json\/wp\/v2\/pages\/275\/revisions"}],"wp:attachment":[{"href":"https:\/\/poligloci.edu.pl\/en\/wp-json\/wp\/v2\/media?parent=275"}],"curies":[{"name":"wp","href":"https:\/\/api.w.org\/{rel}","templated":true}]}}