{"id":278,"date":"2019-10-14T20:44:25","date_gmt":"2019-10-14T18:44:25","guid":{"rendered":"http:\/\/poligloci.edu.pl\/kursy-jezykowe-dla-firm\/"},"modified":"2019-12-13T18:05:29","modified_gmt":"2019-12-13T17:05:29","slug":"language-courses-for-companies","status":"publish","type":"page","link":"https:\/\/poligloci.edu.pl\/en\/language-courses-for-companies\/","title":{"rendered":"Language courses for companies"},"content":{"rendered":"<!--themify_builder_content-->\n<div id=\"themify_builder_content-278\" data-postid=\"278\" class=\"themify_builder_content themify_builder_content-278 themify_builder tf_clear\">\n                    <div  data-lazy=\"1\" class=\"module_row themify_builder_row tb_cqge572 tb_first tf_w wow\" data-tf-animation=\"fadeIn\">\n                        <div class=\"row_inner col_align_middle tb_col_count_2 tf_box tf_rel\">\n                        <div  data-lazy=\"1\" class=\"module_column tb-column col4-2 tb_4gh2575 first\">\n                    <!-- module text -->\n<div  class=\"module module-text tb_vpy2577    wow\" data-tf-animation=\"fadeInDown\" data-tf-animation_delay=\".5\" data-lazy=\"1\">\n        <div  class=\"tb_text_wrap\">\n        <h1>Language courses for companies<\/h1>\n    <\/div>\n<\/div>\n<!-- \/module text --><!-- module image -->\n<div  class=\"module module-image tb_8voz579 image-top  poligloci-div tf_mw wow\" data-tf-animation=\"fadeIn\" data-tf-animation_delay=\".6\" data-lazy=\"1\">\n        <div class=\"image-wrap tf_rel tf_mw\">\n            <img loading=\"lazy\" decoding=\"async\" src=\"http:\/\/poligloci.edu.pl\/wp-content\/uploads\/2019\/10\/favicon_poligloci.png\" width=\"32\" height=\"32\" title=\"Language courses for companies\" alt=\"Language courses for companies\">    \n        <\/div>\n    <!-- \/image-wrap -->\n    \n        <\/div>\n<!-- \/module image --><!-- module text -->\n<div  class=\"module module-text tb_zhq6582    wow\" data-tf-animation=\"fadeInDown\" data-tf-animation_delay=\"0.7\" data-lazy=\"1\">\n        <div  class=\"tb_text_wrap\">\n        <p>Knowledge of foreign languages is today undoubtedly the proverbial<strong> &#8220;must-have&#8221;<\/strong>, and for many companies even a prerequisite for existence and development. For this reason, more and more companies are confidently allocating funds for language courses for their employees (and managers).<\/p>\n    <\/div>\n<\/div>\n<!-- \/module text -->        <\/div>\n                    <div  data-lazy=\"1\" class=\"module_column tb-column col4-2 tb_g8ht583 last\">\n                    <!-- module image -->\n<div  class=\"module module-image tb_tuma622 image-center drop-shadow  tf_mw wow\" data-tf-animation=\"fadeIn\" data-lazy=\"1\">\n        <div class=\"image-wrap tf_rel tf_mw\">\n            <img loading=\"lazy\" decoding=\"async\" src=\"http:\/\/poligloci.edu.pl\/wp-content\/uploads\/2019\/10\/AdobeStock_269749690_Preview.jpeg\" width=\"1000\" height=\"667\" title=\"Language courses for companies\" alt=\"Language courses for companies\">    \n        <\/div>\n    <!-- \/image-wrap -->\n    \n        <\/div>\n<!-- \/module image -->        <\/div>\n                        <\/div>\n        <\/div>\n                        <div  data-css_id=\"4i4p572\" data-lazy=\"1\" class=\"module_row themify_builder_row fullwidth_row_container tb_4i4p572 tf_w wow\" data-tf-animation=\"fadeIn\">\n                        <div class=\"row_inner col_align_top tb_col_count_1 tf_box tf_rel\">\n                        <div  data-lazy=\"1\" class=\"module_column tb-column col-full tb_wl60586 first\">\n                            <div  data-lazy=\"1\" class=\"module_subrow themify_builder_sub_row tf_w col_align_top tb_col_count_1 tb_m9jo587\">\n                <div  data-lazy=\"1\" class=\"module_column sub_column col-full tb_rixu589 first\">\n                    <!-- module text -->\n<div  class=\"module module-text tb_2kgu647    wow\" data-tf-animation=\"fadeIn\" data-lazy=\"1\">\n        <div  class=\"tb_text_wrap\">\n        <p>If you would like to learn more about our language course offer for your company, please contact us. <\/p>\n    <\/div>\n<\/div>\n<!-- \/module text --><!-- module buttons -->\n<div  class=\"module module-buttons tb_atq0590 buttons-horizontal outline  large circle\" data-lazy=\"1\">\n        <div class=\"module-buttons-item tf_in_flx\">\n                        <a href=\"\/contact\" class=\"ui builder_button tf_in_flx tb_default_color\" >\n                                                Learn more                                        <\/a>\n                <\/div>\n            <\/div>\n<!-- \/module buttons -->\n        <\/div>\n                    <\/div>\n                <\/div>\n                        <\/div>\n        <\/div>\n                        <div  data-lazy=\"1\" class=\"module_row themify_builder_row tb_1l7w572 tf_w\">\n                        <div class=\"row_inner col_align_top tb_col_count_2 tf_box tf_rel\">\n                        <div  data-lazy=\"1\" class=\"module_column tb-column col4-2 tb_ggvm592 first\">\n                    <!-- module text -->\n<div  class=\"module module-text tb_7jz6593    wow\" data-tf-animation=\"fadeInDown\" data-tf-animation_delay=\".5\" data-lazy=\"1\">\n        <div  class=\"tb_text_wrap\">\n        <h2>A wide range of language <br \/>courses for companies<\/h2>    <\/div>\n<\/div>\n<!-- \/module text --><!-- module image -->\n<div  class=\"module module-image tb_tr41593 image-top  poligloci-div tf_mw\" data-lazy=\"1\">\n        <div class=\"image-wrap tf_rel tf_mw\">\n            <img loading=\"lazy\" decoding=\"async\" src=\"http:\/\/poligloci.edu.pl\/wp-content\/uploads\/2019\/10\/favicon_poligloci.png\" width=\"32\" height=\"32\" title=\"Language courses for companies\" alt=\"Language courses for companies\">    \n        <\/div>\n    <!-- \/image-wrap -->\n    \n        <\/div>\n<!-- \/module image --><!-- module text -->\n<div  class=\"module module-text tb_x5ki594    wow\" data-tf-animation=\"fadeInDown\" data-tf-animation_delay=\"0.7\" data-lazy=\"1\">\n        <div  class=\"tb_text_wrap\">\n        <p>Since 2003, we have been meeting the needs of companies by offering a rich package of language courses, including:<\/p>\n<ul>\n<li>English, German, French, Spanish, Italian, Russian, Czech, Polish for foreigners, as well as more exotic languages such as Chinese or Japanese;<\/li>\n<li>specialized and stylistic varieties of offered languages &#8211; business, medical, legal, technical, economic and financial;<\/li>\n<li>preparation courses for recognized international exams in all the languages we offer (FCE, CAE, CPE, TOEFL, TOEIC, LCCI, DELF, TELC, BEC, ZERTIFIKAT DEUTSCH).<\/li>\n<\/ul>    <\/div>\n<\/div>\n<!-- \/module text -->        <\/div>\n                    <div  data-lazy=\"1\" class=\"module_column tb-column col4-2 tb_7jq6595 last\">\n                    <!-- module text -->\n<div  class=\"module module-text tb_z61p596    wow\" data-tf-animation=\"fadeInDown\" data-tf-animation_delay=\".5\" data-lazy=\"1\">\n        <div  class=\"tb_text_wrap\">\n        <h2>Convenience and flexibility \u2013 all language courses for companies should be like that<\/h2>\n    <\/div>\n<\/div>\n<!-- \/module text --><!-- module image -->\n<div  class=\"module module-image tb_z2e3598 image-top  poligloci-div tf_mw\" data-lazy=\"1\">\n        <div class=\"image-wrap tf_rel tf_mw\">\n            <img loading=\"lazy\" decoding=\"async\" src=\"http:\/\/poligloci.edu.pl\/wp-content\/uploads\/2019\/10\/favicon_poligloci.png\" width=\"32\" height=\"32\" title=\"Language courses for companies\" alt=\"Language courses for companies\">    \n        <\/div>\n    <!-- \/image-wrap -->\n    \n        <\/div>\n<!-- \/module image --><!-- module text -->\n<div  class=\"module module-text tb_hopo600    wow\" data-tf-animation=\"fadeInDown\" data-tf-animation_delay=\"0.7\" data-lazy=\"1\">\n        <div  class=\"tb_text_wrap\">\n        <p>Studying a language with Poligloci equals convenience.<\/p>\n<ul>\n<li>Lessons are conducted in a place and at a time convenient for our client.<\/li>\n<li>We are flexible in terms of location &#8211; at the client&#8217;s request we can conduct classes at home, at work, in our facility, or online (via Skype or other applications); we can also combine different forms of study.<\/li>\n<li>You cannot attend a class? No problem &#8211; you can easily cancel it and we\u2019ll arrange a meeting for another time.<\/li>\n<li>Classes are conducted in groups and individually.<\/li>\n<\/ul>    <\/div>\n<\/div>\n<!-- \/module text -->        <\/div>\n                        <\/div>\n        <\/div>\n                        <div  data-lazy=\"1\" class=\"module_row themify_builder_row tb_a4p6572 tf_w\">\n                        <div class=\"row_inner col_align_top tb_col_count_2 tf_box tf_rel\">\n                        <div  data-lazy=\"1\" class=\"module_column tb-column col4-2 tb_20i8602 first\">\n                    <!-- module text -->\n<div  class=\"module module-text tb_0ibr603    wow\" data-tf-animation=\"fadeInDown\" data-tf-animation_delay=\".5\" data-lazy=\"1\">\n        <div  class=\"tb_text_wrap\">\n        <h2>Language courses for companies &#8211; only practical learning results count<\/h2>\n    <\/div>\n<\/div>\n<!-- \/module text --><!-- module image -->\n<div  class=\"module module-image tb_esx4603 image-top  poligloci-div tf_mw\" data-lazy=\"1\">\n        <div class=\"image-wrap tf_rel tf_mw\">\n            <img loading=\"lazy\" decoding=\"async\" src=\"http:\/\/poligloci.edu.pl\/wp-content\/uploads\/2019\/10\/favicon_poligloci.png\" width=\"32\" height=\"32\" title=\"Language courses for companies\" alt=\"Language courses for companies\">    \n        <\/div>\n    <!-- \/image-wrap -->\n    \n        <\/div>\n<!-- \/module image --><!-- module text -->\n<div  class=\"module module-text tb_o1qi604    wow\" data-tf-animation=\"fadeInDown\" data-tf-animation_delay=\"0.7\" data-lazy=\"1\">\n        <div  class=\"tb_text_wrap\">\n        <p>We focus on the results:<\/p>\n<ul>\n<li>Language courses at our school are conducted by highly qualified staff &#8211; tutors with philological education and native speakers with higher education;<\/li>\n<li>We focus on the practical aspects of language use and the subject matter of the classes, adapting them to the needs of the company and the individual client.<\/li>\n<\/ul>    <\/div>\n<\/div>\n<!-- \/module text -->        <\/div>\n                    <div  data-lazy=\"1\" class=\"module_column tb-column col4-2 tb_df1v604 last\">\n                            <\/div>\n                        <\/div>\n        <\/div>\n                        <div  data-lazy=\"1\" class=\"module_row themify_builder_row tb_9d5w153 tf_w\">\n                        <div class=\"row_inner col_align_top tb_col_count_1 tf_box tf_rel\">\n                        <div  data-lazy=\"1\" class=\"module_column tb-column col-full tb_vfku157 first\">\n                    <!-- module text -->\n<div  class=\"module module-text tb_8mob160    wow\" data-tf-animation=\"fadeInDown\" data-tf-animation_delay=\".5\" data-lazy=\"1\">\n        <div  class=\"tb_text_wrap\">\n        <h2>How do language courses for companies work?<\/h2>\n    <\/div>\n<\/div>\n<!-- \/module text --><!-- module image -->\n<div  class=\"module module-image tb_dpja162 image-top  poligloci-div tf_mw\" data-lazy=\"1\">\n        <div class=\"image-wrap tf_rel tf_mw\">\n            <img loading=\"lazy\" decoding=\"async\" src=\"http:\/\/poligloci.edu.pl\/wp-content\/uploads\/2019\/10\/favicon_poligloci.png\" width=\"32\" height=\"32\" title=\"Language courses for companies\" alt=\"Language courses for companies\">    \n        <\/div>\n    <!-- \/image-wrap -->\n    \n        <\/div>\n<!-- \/module image --><!-- module text -->\n<div  class=\"module module-text tb_o9y9162    wow\" data-tf-animation=\"fadeInDown\" data-tf-animation_delay=\"0.7\" data-lazy=\"1\">\n        <div  class=\"tb_text_wrap\">\n        <p>Cooperation with us means constant contact and individual methodological care at every stage of the course. This is how it goes:<\/p>\n    <\/div>\n<\/div>\n<!-- \/module text -->        <div  data-lazy=\"1\" class=\"module_subrow themify_builder_sub_row tf_w col_align_top tb_col_count_2 tb_x7g3341\">\n                <div  data-lazy=\"1\" class=\"module_column sub_column col2-1 tb_hich348 first\">\n                    <!-- module text -->\n<div  class=\"module module-text tb_lnnr910    wow\" data-tf-animation=\"fadeInDown\" data-tf-animation_delay=\"0.7\" data-lazy=\"1\">\n        <div  class=\"tb_text_wrap\">\n        <ul>\n<li>initial contact by phone or e-mail;<\/li>\n<li>a meeting to discuss the course objectives and language needs;<\/li>\n<li>free-of-charge test to determine the language level of the participants and to choose the appropriate form of study;<\/li>\n<li>recommended grouping of class participants according to language proficiency level (to be approved by the client);<\/li>\n<\/ul>    <\/div>\n<\/div>\n<!-- \/module text -->        <\/div>\n                    <div  data-lazy=\"1\" class=\"module_column sub_column col2-1 tb_tucw350 last\">\n                    <!-- module text -->\n<div  class=\"module module-text tb_rftd891    wow\" data-tf-animation=\"fadeInDown\" data-tf-animation_delay=\"0.7\" data-lazy=\"1\">\n        <div  class=\"tb_text_wrap\">\n        <ul>\n<li>the setting up of the timetable for the course;<\/li>\n<li>the signing of the contract;<\/li>\n<li>the start of the course;<\/li>\n<li>implementation of an original curriculum, prepared for each group or individual student;<\/li>\n<li>periodic tests; &#8211; quarterly progress and attendance reports.<\/li>\n<\/ul>    <\/div>\n<\/div>\n<!-- \/module text -->        <\/div>\n                    <\/div>\n                <\/div>\n                        <\/div>\n        <\/div>\n        <\/div>\n<!--\/themify_builder_content-->","protected":false},"excerpt":{"rendered":"<p>Language courses for companies Knowledge of foreign languages is today undoubtedly the proverbial &#8220;must-have&#8221;, and for many companies even a prerequisite for existence and development. For this reason, more and more companies are confidently allocating funds for language courses for their employees (and managers). If you would like to learn more about our language course [&hellip;]<\/p>\n","protected":false},"author":1,"featured_media":0,"parent":0,"menu_order":11,"comment_status":"closed","ping_status":"closed","template":"","meta":{"footnotes":""},"class_list":["post-278","page","type-page","status-publish","hentry","has-post-title","has-post-date","has-post-category","has-post-tag","has-post-comment","has-post-author",""],"yoast_head":"<!-- This site is optimized with the Yoast SEO plugin v24.5 - https:\/\/yoast.com\/wordpress\/plugins\/seo\/ -->\n<title>Language courses for companies - POLIGLOCI<\/title>\n<meta name=\"description\" content=\"Znajomo\u015b\u0107 j\u0119zyk\u00f3w obcych jest dzi\u015b niew\u0105tpliwie dla wielu firm wr\u0119cz warunkiem koniecznym do istnienia i rozwoju. Sprawd\u017a kursy j\u0119zykowe dla firm.\" \/>\n<meta name=\"robots\" content=\"index, follow, max-snippet:-1, max-image-preview:large, max-video-preview:-1\" \/>\n<link rel=\"canonical\" href=\"https:\/\/poligloci.edu.pl\/en\/kursy-jezykowe-dla-firm\/\" \/>\n<meta property=\"og:locale\" content=\"en_US\" \/>\n<meta property=\"og:type\" content=\"article\" \/>\n<meta property=\"og:title\" content=\"Language courses for companies - POLIGLOCI\" \/>\n<meta property=\"og:description\" content=\"Znajomo\u015b\u0107 j\u0119zyk\u00f3w obcych jest dzi\u015b niew\u0105tpliwie dla wielu firm wr\u0119cz warunkiem koniecznym do istnienia i rozwoju. Sprawd\u017a kursy j\u0119zykowe dla firm.\" \/>\n<meta property=\"og:url\" content=\"https:\/\/poligloci.edu.pl\/kursy-jezykowe-dla-firm\/\" \/>\n<meta property=\"og:site_name\" content=\"POLIGLOCI\" \/>\n<meta property=\"article:modified_time\" content=\"2019-12-13T17:05:29+00:00\" \/>\n<meta property=\"og:image\" content=\"https:\/\/poligloci.edu.pl\/wp-content\/uploads\/2019\/10\/favicon_poligloci.png\" \/>\n<meta name=\"twitter:card\" content=\"summary_large_image\" \/>\n<meta name=\"twitter:label1\" content=\"Est. reading time\" \/>\n\t<meta name=\"twitter:data1\" content=\"2 minutes\" \/>\n<script type=\"application\/ld+json\" class=\"yoast-schema-graph\">{\"@context\":\"https:\/\/schema.org\",\"@graph\":[{\"@type\":\"WebPage\",\"@id\":\"https:\/\/poligloci.edu.pl\/kursy-jezykowe-dla-firm\/\",\"url\":\"https:\/\/poligloci.edu.pl\/kursy-jezykowe-dla-firm\/\",\"name\":\"Language courses for companies - POLIGLOCI\",\"isPartOf\":{\"@id\":\"\/#website\"},\"primaryImageOfPage\":{\"@id\":\"https:\/\/poligloci.edu.pl\/kursy-jezykowe-dla-firm\/#primaryimage\"},\"image\":{\"@id\":\"https:\/\/poligloci.edu.pl\/kursy-jezykowe-dla-firm\/#primaryimage\"},\"thumbnailUrl\":\"https:\/\/poligloci.edu.pl\/wp-content\/uploads\/2019\/10\/favicon_poligloci.png\",\"datePublished\":\"2019-10-14T18:44:25+00:00\",\"dateModified\":\"2019-12-13T17:05:29+00:00\",\"description\":\"Znajomo\u015b\u0107 j\u0119zyk\u00f3w obcych jest dzi\u015b niew\u0105tpliwie dla wielu firm wr\u0119cz warunkiem koniecznym do istnienia i rozwoju. Sprawd\u017a kursy j\u0119zykowe dla firm.\",\"breadcrumb\":{\"@id\":\"https:\/\/poligloci.edu.pl\/kursy-jezykowe-dla-firm\/#breadcrumb\"},\"inLanguage\":\"en-US\",\"potentialAction\":[{\"@type\":\"ReadAction\",\"target\":[\"https:\/\/poligloci.edu.pl\/kursy-jezykowe-dla-firm\/\"]}]},{\"@type\":\"ImageObject\",\"inLanguage\":\"en-US\",\"@id\":\"https:\/\/poligloci.edu.pl\/kursy-jezykowe-dla-firm\/#primaryimage\",\"url\":\"https:\/\/poligloci.edu.pl\/wp-content\/uploads\/2019\/10\/favicon_poligloci.png\",\"contentUrl\":\"https:\/\/poligloci.edu.pl\/wp-content\/uploads\/2019\/10\/favicon_poligloci.png\"},{\"@type\":\"BreadcrumbList\",\"@id\":\"https:\/\/poligloci.edu.pl\/kursy-jezykowe-dla-firm\/#breadcrumb\",\"itemListElement\":[{\"@type\":\"ListItem\",\"position\":1,\"name\":\"Strona g\u0142\u00f3wna\",\"item\":\"https:\/\/poligloci.edu.pl\/en\/\"},{\"@type\":\"ListItem\",\"position\":2,\"name\":\"Language courses for companies\"}]},{\"@type\":\"WebSite\",\"@id\":\"\/#website\",\"url\":\"\/\",\"name\":\"POLIGLOCI\",\"description\":\"Centrum Szkole\u0144 J\u0119zykowych, Szko\u0142a j\u0119zykowa, kurs angielskiego Katowice\",\"potentialAction\":[{\"@type\":\"SearchAction\",\"target\":{\"@type\":\"EntryPoint\",\"urlTemplate\":\"\/?s={search_term_string}\"},\"query-input\":{\"@type\":\"PropertyValueSpecification\",\"valueRequired\":true,\"valueName\":\"search_term_string\"}}],\"inLanguage\":\"en-US\"}]}<\/script>\n<!-- \/ Yoast SEO plugin. -->","yoast_head_json":{"title":"Language courses for companies - POLIGLOCI","description":"Znajomo\u015b\u0107 j\u0119zyk\u00f3w obcych jest dzi\u015b niew\u0105tpliwie dla wielu firm wr\u0119cz warunkiem koniecznym do istnienia i rozwoju. Sprawd\u017a kursy j\u0119zykowe dla firm.","robots":{"index":"index","follow":"follow","max-snippet":"max-snippet:-1","max-image-preview":"max-image-preview:large","max-video-preview":"max-video-preview:-1"},"canonical":"https:\/\/poligloci.edu.pl\/en\/kursy-jezykowe-dla-firm\/","og_locale":"en_US","og_type":"article","og_title":"Language courses for companies - POLIGLOCI","og_description":"Znajomo\u015b\u0107 j\u0119zyk\u00f3w obcych jest dzi\u015b niew\u0105tpliwie dla wielu firm wr\u0119cz warunkiem koniecznym do istnienia i rozwoju. Sprawd\u017a kursy j\u0119zykowe dla firm.","og_url":"https:\/\/poligloci.edu.pl\/kursy-jezykowe-dla-firm\/","og_site_name":"POLIGLOCI","article_modified_time":"2019-12-13T17:05:29+00:00","og_image":[{"url":"https:\/\/poligloci.edu.pl\/wp-content\/uploads\/2019\/10\/favicon_poligloci.png","type":"","width":"","height":""}],"twitter_card":"summary_large_image","twitter_misc":{"Est. reading time":"2 minutes"},"schema":{"@context":"https:\/\/schema.org","@graph":[{"@type":"WebPage","@id":"https:\/\/poligloci.edu.pl\/kursy-jezykowe-dla-firm\/","url":"https:\/\/poligloci.edu.pl\/kursy-jezykowe-dla-firm\/","name":"Language courses for companies - POLIGLOCI","isPartOf":{"@id":"\/#website"},"primaryImageOfPage":{"@id":"https:\/\/poligloci.edu.pl\/kursy-jezykowe-dla-firm\/#primaryimage"},"image":{"@id":"https:\/\/poligloci.edu.pl\/kursy-jezykowe-dla-firm\/#primaryimage"},"thumbnailUrl":"https:\/\/poligloci.edu.pl\/wp-content\/uploads\/2019\/10\/favicon_poligloci.png","datePublished":"2019-10-14T18:44:25+00:00","dateModified":"2019-12-13T17:05:29+00:00","description":"Znajomo\u015b\u0107 j\u0119zyk\u00f3w obcych jest dzi\u015b niew\u0105tpliwie dla wielu firm wr\u0119cz warunkiem koniecznym do istnienia i rozwoju. Sprawd\u017a kursy j\u0119zykowe dla firm.","breadcrumb":{"@id":"https:\/\/poligloci.edu.pl\/kursy-jezykowe-dla-firm\/#breadcrumb"},"inLanguage":"en-US","potentialAction":[{"@type":"ReadAction","target":["https:\/\/poligloci.edu.pl\/kursy-jezykowe-dla-firm\/"]}]},{"@type":"ImageObject","inLanguage":"en-US","@id":"https:\/\/poligloci.edu.pl\/kursy-jezykowe-dla-firm\/#primaryimage","url":"https:\/\/poligloci.edu.pl\/wp-content\/uploads\/2019\/10\/favicon_poligloci.png","contentUrl":"https:\/\/poligloci.edu.pl\/wp-content\/uploads\/2019\/10\/favicon_poligloci.png"},{"@type":"BreadcrumbList","@id":"https:\/\/poligloci.edu.pl\/kursy-jezykowe-dla-firm\/#breadcrumb","itemListElement":[{"@type":"ListItem","position":1,"name":"Strona g\u0142\u00f3wna","item":"https:\/\/poligloci.edu.pl\/en\/"},{"@type":"ListItem","position":2,"name":"Language courses for companies"}]},{"@type":"WebSite","@id":"\/#website","url":"\/","name":"POLIGLOCI","description":"Centrum Szkole\u0144 J\u0119zykowych, Szko\u0142a j\u0119zykowa, kurs angielskiego Katowice","potentialAction":[{"@type":"SearchAction","target":{"@type":"EntryPoint","urlTemplate":"\/?s={search_term_string}"},"query-input":{"@type":"PropertyValueSpecification","valueRequired":true,"valueName":"search_term_string"}}],"inLanguage":"en-US"}]}},"builder_content":"<h1>Language courses for companies<\/h1>\n<img src=\"http:\/\/poligloci.edu.pl\/wp-content\/uploads\/2019\/10\/favicon_poligloci.png\" width=\"32\" height=\"32\" title=\"Language courses for companies\" alt=\"Language courses for companies\">\n<p>Knowledge of foreign languages is today undoubtedly the proverbial<strong> \"must-have\"<\/strong>, and for many companies even a prerequisite for existence and development. For this reason, more and more companies are confidently allocating funds for language courses for their employees (and managers).<\/p>\n<img src=\"http:\/\/poligloci.edu.pl\/wp-content\/uploads\/2019\/10\/AdobeStock_269749690_Preview.jpeg\" width=\"1000\" height=\"667\" title=\"Language courses for companies\" alt=\"Language courses for companies\">\n<p>If you would like to learn more about our language course offer for your company, please contact us. <\/p>\n<a href=\"\/contact\" > Learn more <\/a>\n<h2>A wide range of language <br \/>courses for companies<\/h2>\n<img src=\"http:\/\/poligloci.edu.pl\/wp-content\/uploads\/2019\/10\/favicon_poligloci.png\" width=\"32\" height=\"32\" title=\"Language courses for companies\" alt=\"Language courses for companies\">\n<p>Since 2003, we have been meeting the needs of companies by offering a rich package of language courses, including:<\/p> <ul> <li>English, German, French, Spanish, Italian, Russian, Czech, Polish for foreigners, as well as more exotic languages such as Chinese or Japanese;<\/li> <li>specialized and stylistic varieties of offered languages - business, medical, legal, technical, economic and financial;<\/li> <li>preparation courses for recognized international exams in all the languages we offer (FCE, CAE, CPE, TOEFL, TOEIC, LCCI, DELF, TELC, BEC, ZERTIFIKAT DEUTSCH).<\/li> <\/ul>\n<h2>Convenience and flexibility \u2013 all language courses for companies should be like that<\/h2>\n<img src=\"http:\/\/poligloci.edu.pl\/wp-content\/uploads\/2019\/10\/favicon_poligloci.png\" width=\"32\" height=\"32\" title=\"Language courses for companies\" alt=\"Language courses for companies\">\n<p>Studying a language with Poligloci equals convenience.<\/p> <ul> <li>Lessons are conducted in a place and at a time convenient for our client.<\/li> <li>We are flexible in terms of location - at the client's request we can conduct classes at home, at work, in our facility, or online (via Skype or other applications); we can also combine different forms of study.<\/li> <li>You cannot attend a class? No problem - you can easily cancel it and we\u2019ll arrange a meeting for another time.<\/li> <li>Classes are conducted in groups and individually.<\/li> <\/ul>\n<h2>Language courses for companies - only practical learning results count<\/h2>\n<img src=\"http:\/\/poligloci.edu.pl\/wp-content\/uploads\/2019\/10\/favicon_poligloci.png\" width=\"32\" height=\"32\" title=\"Language courses for companies\" alt=\"Language courses for companies\">\n<p>We focus on the results:<\/p> <ul> <li>Language courses at our school are conducted by highly qualified staff - tutors with philological education and native speakers with higher education;<\/li> <li>We focus on the practical aspects of language use and the subject matter of the classes, adapting them to the needs of the company and the individual client.<\/li> <\/ul>\n<h2>How do language courses for companies work?<\/h2>\n<img src=\"http:\/\/poligloci.edu.pl\/wp-content\/uploads\/2019\/10\/favicon_poligloci.png\" width=\"32\" height=\"32\" title=\"Language courses for companies\" alt=\"Language courses for companies\">\n<p>Cooperation with us means constant contact and individual methodological care at every stage of the course. This is how it goes:<\/p>\n<ul> <li>initial contact by phone or e-mail;<\/li> <li>a meeting to discuss the course objectives and language needs;<\/li> <li>free-of-charge test to determine the language level of the participants and to choose the appropriate form of study;<\/li> <li>recommended grouping of class participants according to language proficiency level (to be approved by the client);<\/li> <\/ul>\n<ul> <li>the setting up of the timetable for the course;<\/li> <li>the signing of the contract;<\/li> <li>the start of the course;<\/li> <li>implementation of an original curriculum, prepared for each group or individual student;<\/li> <li>periodic tests; - quarterly progress and attendance reports.<\/li> <\/ul>","_links":{"self":[{"href":"https:\/\/poligloci.edu.pl\/en\/wp-json\/wp\/v2\/pages\/278","targetHints":{"allow":["GET"]}}],"collection":[{"href":"https:\/\/poligloci.edu.pl\/en\/wp-json\/wp\/v2\/pages"}],"about":[{"href":"https:\/\/poligloci.edu.pl\/en\/wp-json\/wp\/v2\/types\/page"}],"author":[{"embeddable":true,"href":"https:\/\/poligloci.edu.pl\/en\/wp-json\/wp\/v2\/users\/1"}],"replies":[{"embeddable":true,"href":"https:\/\/poligloci.edu.pl\/en\/wp-json\/wp\/v2\/comments?post=278"}],"version-history":[{"count":0,"href":"https:\/\/poligloci.edu.pl\/en\/wp-json\/wp\/v2\/pages\/278\/revisions"}],"wp:attachment":[{"href":"https:\/\/poligloci.edu.pl\/en\/wp-json\/wp\/v2\/media?parent=278"}],"curies":[{"name":"wp","href":"https:\/\/api.w.org\/{rel}","templated":true}]}}