{"id":281,"date":"2019-10-14T20:47:04","date_gmt":"2019-10-14T18:47:04","guid":{"rendered":"http:\/\/poligloci.edu.pl\/kursy-jezykowe-indywidualne\/"},"modified":"2020-03-04T17:35:41","modified_gmt":"2020-03-04T16:35:41","slug":"individual-language-courses","status":"publish","type":"page","link":"https:\/\/poligloci.edu.pl\/en\/individual-language-courses\/","title":{"rendered":"Individual language courses"},"content":{"rendered":"<!--themify_builder_content-->\n<div id=\"themify_builder_content-281\" data-postid=\"281\" class=\"themify_builder_content themify_builder_content-281 themify_builder tf_clear\">\n                    <div  data-lazy=\"1\" class=\"module_row themify_builder_row tb_8dq9891 tb_first tf_w wow\" data-tf-animation=\"fadeIn\">\n                        <div class=\"row_inner col_align_middle tb_col_count_2 tf_box tf_rel\">\n                        <div  data-lazy=\"1\" class=\"module_column tb-column col4-2 tb_djb3897 first\">\n                    <!-- module text -->\n<div  class=\"module module-text tb_pl0t901    wow\" data-tf-animation=\"fadeInDown\" data-tf-animation_delay=\".5\" data-lazy=\"1\">\n        <div  class=\"tb_text_wrap\">\n        <h1>Individual language courses<\/h1>\n    <\/div>\n<\/div>\n<!-- \/module text --><!-- module image -->\n<div  class=\"module module-image tb_tueg905 image-top  poligloci-div tf_mw wow\" data-tf-animation=\"fadeIn\" data-tf-animation_delay=\".6\" data-lazy=\"1\">\n        <div class=\"image-wrap tf_rel tf_mw\">\n            <img loading=\"lazy\" decoding=\"async\" src=\"http:\/\/poligloci.edu.pl\/wp-content\/uploads\/2019\/10\/favicon_poligloci.png\" width=\"32\" height=\"32\" title=\"Individual language courses\" alt=\"Individual language courses\">    \n        <\/div>\n    <!-- \/image-wrap -->\n    \n        <\/div>\n<!-- \/module image --><!-- module text -->\n<div  class=\"module module-text tb_ra9r906    wow\" data-tf-animation=\"fadeInDown\" data-tf-animation_delay=\"0.7\" data-lazy=\"1\">\n        <div  class=\"tb_text_wrap\">\n        <p>We are well aware that knowledge of foreign languages is now a ticket to the world of greater opportunities and benefits. We also understand that, to a large extent, a foreign language is only a means to an end, so we take particular care of our clients&#8217; valuable time and ensure that their goals are achieved without unnecessary stress.<\/p>\n    <\/div>\n<\/div>\n<!-- \/module text -->        <\/div>\n                    <div  data-lazy=\"1\" class=\"module_column tb-column col4-2 tb_3q7r907 last\">\n                    <!-- module image -->\n<div  class=\"module module-image tb_zyvl909 image-center drop-shadow  tf_mw wow\" data-tf-animation=\"fadeIn\" data-lazy=\"1\">\n        <div class=\"image-wrap tf_rel tf_mw\">\n            <img loading=\"lazy\" decoding=\"async\" src=\"http:\/\/poligloci.edu.pl\/wp-content\/uploads\/2020\/03\/AdobeStock_231486568-poligloci.jpg\" width=\"800\" height=\"533\" title=\"Individual language courses\" alt=\"Individual language courses\">    \n        <\/div>\n    <!-- \/image-wrap -->\n    \n        <\/div>\n<!-- \/module image -->        <\/div>\n                        <\/div>\n        <\/div>\n                        <div  data-css_id=\"7hgy891\" data-lazy=\"1\" class=\"module_row themify_builder_row fullwidth_row_container tb_7hgy891 tf_w wow\" data-tf-animation=\"fadeIn\">\n                        <div class=\"row_inner col_align_top tb_col_count_1 tf_box tf_rel\">\n                        <div  data-lazy=\"1\" class=\"module_column tb-column col-full tb_1ijh916 first\">\n                            <div  data-lazy=\"1\" class=\"module_subrow themify_builder_sub_row tf_w col_align_top tb_col_count_1 tb_kxz5918\">\n                <div  data-lazy=\"1\" class=\"module_column sub_column col-full tb_b02a921 first\">\n                    <!-- module text -->\n<div  class=\"module module-text tb_dbl6922    wow\" data-tf-animation=\"fadeIn\" data-lazy=\"1\">\n        <div  class=\"tb_text_wrap\">\n        <p>Are you thinking about improving your language skills? Contact us and we will create an individual language course tailored to your needs.<\/p>\n    <\/div>\n<\/div>\n<!-- \/module text --><!-- module buttons -->\n<div  class=\"module module-buttons tb_k9nq923 buttons-horizontal outline  large circle\" data-lazy=\"1\">\n        <div class=\"module-buttons-item tf_in_flx\">\n                        <a href=\"\/contact\" class=\"ui builder_button tf_in_flx tb_default_color\" >\n                                                Learn more                                        <\/a>\n                <\/div>\n            <\/div>\n<!-- \/module buttons -->\n        <\/div>\n                    <\/div>\n                <\/div>\n                        <\/div>\n        <\/div>\n                        <div  data-lazy=\"1\" class=\"module_row themify_builder_row tb_wkqj891 tf_w\">\n                        <div class=\"row_inner col_align_top tb_col_count_2 tf_box tf_rel\">\n                        <div  data-lazy=\"1\" class=\"module_column tb-column col4-2 tb_4i02925 first\">\n                    <!-- module text -->\n<div  class=\"module module-text tb_glzw926    wow\" data-tf-animation=\"fadeInDown\" data-tf-animation_delay=\".5\" data-lazy=\"1\">\n        <div  class=\"tb_text_wrap\">\n        <h2>Language courses for demanding customers<\/h2>\n    <\/div>\n<\/div>\n<!-- \/module text --><!-- module image -->\n<div  class=\"module module-image tb_lpr6927 image-top  poligloci-div tf_mw\" data-lazy=\"1\">\n        <div class=\"image-wrap tf_rel tf_mw\">\n            <img loading=\"lazy\" decoding=\"async\" src=\"http:\/\/poligloci.edu.pl\/wp-content\/uploads\/2019\/10\/favicon_poligloci.png\" width=\"32\" height=\"32\" title=\"Individual language courses\" alt=\"Individual language courses\">    \n        <\/div>\n    <!-- \/image-wrap -->\n    \n        <\/div>\n<!-- \/module image --><!-- module text -->\n<div  class=\"module module-text tb_by0g932    wow\" data-tf-animation=\"fadeInDown\" data-tf-animation_delay=\"0.7\" data-lazy=\"1\">\n        <div  class=\"tb_text_wrap\">\n        <p>Since the beginning of our activity we have been specializing in individual language courses, addressed to people with unusual language needs or the expectation of flexibility in the organization of classes. Based on the accumulated knowledge and many years of experience, we advise what language level is necessary at a given career level. We offer preparation for FCE, CAE, CPE, LCCI and their equivalents in other languages, as well as specialized exams for specific industries.<\/p>\n    <\/div>\n<\/div>\n<!-- \/module text -->        <\/div>\n                    <div  data-lazy=\"1\" class=\"module_column tb-column col4-2 tb_cuxa934 last\">\n                    <!-- module text -->\n<div  class=\"module module-text tb_yh6j936    wow\" data-tf-animation=\"fadeInDown\" data-tf-animation_delay=\".5\" data-lazy=\"1\">\n        <div  class=\"tb_text_wrap\">\n        <h2>Teaching staff at the highest level<\/h2>\n    <\/div>\n<\/div>\n<!-- \/module text --><!-- module image -->\n<div  class=\"module module-image tb_u6a3937 image-top  poligloci-div tf_mw\" data-lazy=\"1\">\n        <div class=\"image-wrap tf_rel tf_mw\">\n            <img loading=\"lazy\" decoding=\"async\" src=\"http:\/\/poligloci.edu.pl\/wp-content\/uploads\/2019\/10\/favicon_poligloci.png\" width=\"32\" height=\"32\" title=\"Individual language courses\" alt=\"Individual language courses\">    \n        <\/div>\n    <!-- \/image-wrap -->\n    \n        <\/div>\n<!-- \/module image --><!-- module text -->\n<div  class=\"module module-text tb_wa1w938    wow\" data-tf-animation=\"fadeInDown\" data-tf-animation_delay=\"0.7\" data-lazy=\"1\">\n        <div  class=\"tb_text_wrap\">\n        <p>Individual classes are conducted by specialized teaching staff, tutors with philological education and native speakers with higher education.<\/p>\n    <\/div>\n<\/div>\n<!-- \/module text -->        <\/div>\n                        <\/div>\n        <\/div>\n                        <div  data-lazy=\"1\" class=\"module_row themify_builder_row tb_tksk892 tf_w\">\n                        <div class=\"row_inner col_align_top tb_col_count_2 tf_box tf_rel\">\n                        <div  data-lazy=\"1\" class=\"module_column tb-column col4-2 tb_l1ki939 first\">\n                    <!-- module text -->\n<div  class=\"module module-text tb_4r8k940    wow\" data-tf-animation=\"fadeInDown\" data-tf-animation_delay=\".5\" data-lazy=\"1\">\n        <div  class=\"tb_text_wrap\">\n        <h2>Flexibility<\/h2>\n    <\/div>\n<\/div>\n<!-- \/module text --><!-- module image -->\n<div  class=\"module module-image tb_gxql941 image-top  poligloci-div tf_mw\" data-lazy=\"1\">\n        <div class=\"image-wrap tf_rel tf_mw\">\n            <img loading=\"lazy\" decoding=\"async\" src=\"http:\/\/poligloci.edu.pl\/wp-content\/uploads\/2019\/10\/favicon_poligloci.png\" width=\"32\" height=\"32\" title=\"Individual language courses\" alt=\"Individual language courses\">    \n        <\/div>\n    <!-- \/image-wrap -->\n    \n        <\/div>\n<!-- \/module image --><!-- module text -->\n<div  class=\"module module-text tb_6ihi941    wow\" data-tf-animation=\"fadeInDown\" data-tf-animation_delay=\"0.7\" data-lazy=\"1\">\n        <div  class=\"tb_text_wrap\">\n        <p>Classes can take place at the client&#8217;s home, at work, on the premises of our school or online at any time convenient for the client. The days and hours of classes can be completely flexible.<\/p>\n    <\/div>\n<\/div>\n<!-- \/module text -->        <\/div>\n                    <div  data-lazy=\"1\" class=\"module_column tb-column col4-2 tb_j6zg942 last\">\n                            <\/div>\n                        <\/div>\n        <\/div>\n                        <div  data-lazy=\"1\" class=\"module_row themify_builder_row tb_86wk892 tf_w\">\n                        <div class=\"row_inner col_align_top tb_col_count_1 tf_box tf_rel\">\n                        <div  data-lazy=\"1\" class=\"module_column tb-column col-full tb_o4sm948 first\">\n                    <!-- module text -->\n<div  class=\"module module-text tb_9odt949    wow\" data-tf-animation=\"fadeInDown\" data-tf-animation_delay=\".5\" data-lazy=\"1\">\n        <div  class=\"tb_text_wrap\">\n        <h2>Care at every stage of learning<\/h2>\n    <\/div>\n<\/div>\n<!-- \/module text --><!-- module image -->\n<div  class=\"module module-image tb_ymwd950 image-top  poligloci-div tf_mw\" data-lazy=\"1\">\n        <div class=\"image-wrap tf_rel tf_mw\">\n            <img loading=\"lazy\" decoding=\"async\" src=\"http:\/\/poligloci.edu.pl\/wp-content\/uploads\/2019\/10\/favicon_poligloci.png\" width=\"32\" height=\"32\" title=\"Individual language courses\" alt=\"Individual language courses\">    \n        <\/div>\n    <!-- \/image-wrap -->\n    \n        <\/div>\n<!-- \/module image --><!-- module text -->\n<div  class=\"module module-text tb_d6ew950    wow\" data-tf-animation=\"fadeInDown\" data-tf-animation_delay=\"0.7\" data-lazy=\"1\">\n        <div  class=\"tb_text_wrap\">\n        <p>Where should we start? At a table with a cup of good coffee. We meet and determine your language proficiency level through a short written and oral test before you start learning.  Then we determine the mode of organizing the classes, the possible length of the course and its scope, necessary to achieve the goal. We are guided by EU methodological assumptions, according to which the implementation of each of the six levels of language knowledge &#8211; A1, A2, B1, B2, C1, C2 (link to the description of the levels) &#8211; is at least 120 hours of learning. We select a tutor &#8211; a Polish tutor with philological education or a native speaker with higher education, including education in relavant professional areas. In addition, a dedicated client assistant will enure that the course runs smoothly and flexibly from the beginning to the end.<\/p>\n    <\/div>\n<\/div>\n<!-- \/module text -->        <\/div>\n                        <\/div>\n        <\/div>\n        <\/div>\n<!--\/themify_builder_content-->","protected":false},"excerpt":{"rendered":"<p>Individual language courses We are well aware that knowledge of foreign languages is now a ticket to the world of greater opportunities and benefits. We also understand that, to a large extent, a foreign language is only a means to an end, so we take particular care of our clients&#8217; valuable time and ensure that [&hellip;]<\/p>\n","protected":false},"author":1,"featured_media":0,"parent":0,"menu_order":12,"comment_status":"closed","ping_status":"closed","template":"","meta":{"footnotes":""},"class_list":["post-281","page","type-page","status-publish","hentry","has-post-title","has-post-date","has-post-category","has-post-tag","has-post-comment","has-post-author",""],"yoast_head":"<!-- This site is optimized with the Yoast SEO plugin v24.5 - https:\/\/yoast.com\/wordpress\/plugins\/seo\/ -->\n<title>Individual language courses - POLIGLOCI<\/title>\n<meta name=\"description\" content=\"Doskonale zdajemy sobie spraw\u0119, \u017ce znajomo\u015b\u0107 j\u0119zyk\u00f3w obcych to przepustka do sfery wi\u0119kszych mo\u017cliwo\u015bci i korzy\u015bci. Sprawd\u017a kursy j\u0119zykowe indywidualne.\" \/>\n<meta name=\"robots\" content=\"index, follow, max-snippet:-1, max-image-preview:large, max-video-preview:-1\" \/>\n<link rel=\"canonical\" href=\"https:\/\/poligloci.edu.pl\/en\/kursy-jezykowe-indywidualne\/\" \/>\n<meta property=\"og:locale\" content=\"en_US\" \/>\n<meta property=\"og:type\" content=\"article\" \/>\n<meta property=\"og:title\" content=\"Individual language courses - POLIGLOCI\" \/>\n<meta property=\"og:description\" content=\"Doskonale zdajemy sobie spraw\u0119, \u017ce znajomo\u015b\u0107 j\u0119zyk\u00f3w obcych to przepustka do sfery wi\u0119kszych mo\u017cliwo\u015bci i korzy\u015bci. Sprawd\u017a kursy j\u0119zykowe indywidualne.\" \/>\n<meta property=\"og:url\" content=\"https:\/\/poligloci.edu.pl\/kursy-jezykowe-indywidualne\/\" \/>\n<meta property=\"og:site_name\" content=\"POLIGLOCI\" \/>\n<meta property=\"article:modified_time\" content=\"2020-03-04T16:35:41+00:00\" \/>\n<meta property=\"og:image\" content=\"https:\/\/poligloci.edu.pl\/wp-content\/uploads\/2019\/10\/favicon_poligloci.png\" \/>\n<meta name=\"twitter:card\" content=\"summary_large_image\" \/>\n<meta name=\"twitter:label1\" content=\"Est. reading time\" \/>\n\t<meta name=\"twitter:data1\" content=\"2 minutes\" \/>\n<script type=\"application\/ld+json\" class=\"yoast-schema-graph\">{\"@context\":\"https:\/\/schema.org\",\"@graph\":[{\"@type\":\"WebPage\",\"@id\":\"https:\/\/poligloci.edu.pl\/kursy-jezykowe-indywidualne\/\",\"url\":\"https:\/\/poligloci.edu.pl\/kursy-jezykowe-indywidualne\/\",\"name\":\"Individual language courses - POLIGLOCI\",\"isPartOf\":{\"@id\":\"\/#website\"},\"primaryImageOfPage\":{\"@id\":\"https:\/\/poligloci.edu.pl\/kursy-jezykowe-indywidualne\/#primaryimage\"},\"image\":{\"@id\":\"https:\/\/poligloci.edu.pl\/kursy-jezykowe-indywidualne\/#primaryimage\"},\"thumbnailUrl\":\"https:\/\/poligloci.edu.pl\/wp-content\/uploads\/2019\/10\/favicon_poligloci.png\",\"datePublished\":\"2019-10-14T18:47:04+00:00\",\"dateModified\":\"2020-03-04T16:35:41+00:00\",\"description\":\"Doskonale zdajemy sobie spraw\u0119, \u017ce znajomo\u015b\u0107 j\u0119zyk\u00f3w obcych to przepustka do sfery wi\u0119kszych mo\u017cliwo\u015bci i korzy\u015bci. Sprawd\u017a kursy j\u0119zykowe indywidualne.\",\"breadcrumb\":{\"@id\":\"https:\/\/poligloci.edu.pl\/kursy-jezykowe-indywidualne\/#breadcrumb\"},\"inLanguage\":\"en-US\",\"potentialAction\":[{\"@type\":\"ReadAction\",\"target\":[\"https:\/\/poligloci.edu.pl\/kursy-jezykowe-indywidualne\/\"]}]},{\"@type\":\"ImageObject\",\"inLanguage\":\"en-US\",\"@id\":\"https:\/\/poligloci.edu.pl\/kursy-jezykowe-indywidualne\/#primaryimage\",\"url\":\"https:\/\/poligloci.edu.pl\/wp-content\/uploads\/2019\/10\/favicon_poligloci.png\",\"contentUrl\":\"https:\/\/poligloci.edu.pl\/wp-content\/uploads\/2019\/10\/favicon_poligloci.png\"},{\"@type\":\"BreadcrumbList\",\"@id\":\"https:\/\/poligloci.edu.pl\/kursy-jezykowe-indywidualne\/#breadcrumb\",\"itemListElement\":[{\"@type\":\"ListItem\",\"position\":1,\"name\":\"Strona g\u0142\u00f3wna\",\"item\":\"https:\/\/poligloci.edu.pl\/en\/\"},{\"@type\":\"ListItem\",\"position\":2,\"name\":\"Individual language courses\"}]},{\"@type\":\"WebSite\",\"@id\":\"\/#website\",\"url\":\"\/\",\"name\":\"POLIGLOCI\",\"description\":\"Centrum Szkole\u0144 J\u0119zykowych, Szko\u0142a j\u0119zykowa, kurs angielskiego Katowice\",\"potentialAction\":[{\"@type\":\"SearchAction\",\"target\":{\"@type\":\"EntryPoint\",\"urlTemplate\":\"\/?s={search_term_string}\"},\"query-input\":{\"@type\":\"PropertyValueSpecification\",\"valueRequired\":true,\"valueName\":\"search_term_string\"}}],\"inLanguage\":\"en-US\"}]}<\/script>\n<!-- \/ Yoast SEO plugin. -->","yoast_head_json":{"title":"Individual language courses - POLIGLOCI","description":"Doskonale zdajemy sobie spraw\u0119, \u017ce znajomo\u015b\u0107 j\u0119zyk\u00f3w obcych to przepustka do sfery wi\u0119kszych mo\u017cliwo\u015bci i korzy\u015bci. Sprawd\u017a kursy j\u0119zykowe indywidualne.","robots":{"index":"index","follow":"follow","max-snippet":"max-snippet:-1","max-image-preview":"max-image-preview:large","max-video-preview":"max-video-preview:-1"},"canonical":"https:\/\/poligloci.edu.pl\/en\/kursy-jezykowe-indywidualne\/","og_locale":"en_US","og_type":"article","og_title":"Individual language courses - POLIGLOCI","og_description":"Doskonale zdajemy sobie spraw\u0119, \u017ce znajomo\u015b\u0107 j\u0119zyk\u00f3w obcych to przepustka do sfery wi\u0119kszych mo\u017cliwo\u015bci i korzy\u015bci. Sprawd\u017a kursy j\u0119zykowe indywidualne.","og_url":"https:\/\/poligloci.edu.pl\/kursy-jezykowe-indywidualne\/","og_site_name":"POLIGLOCI","article_modified_time":"2020-03-04T16:35:41+00:00","og_image":[{"url":"https:\/\/poligloci.edu.pl\/wp-content\/uploads\/2019\/10\/favicon_poligloci.png","type":"","width":"","height":""}],"twitter_card":"summary_large_image","twitter_misc":{"Est. reading time":"2 minutes"},"schema":{"@context":"https:\/\/schema.org","@graph":[{"@type":"WebPage","@id":"https:\/\/poligloci.edu.pl\/kursy-jezykowe-indywidualne\/","url":"https:\/\/poligloci.edu.pl\/kursy-jezykowe-indywidualne\/","name":"Individual language courses - POLIGLOCI","isPartOf":{"@id":"\/#website"},"primaryImageOfPage":{"@id":"https:\/\/poligloci.edu.pl\/kursy-jezykowe-indywidualne\/#primaryimage"},"image":{"@id":"https:\/\/poligloci.edu.pl\/kursy-jezykowe-indywidualne\/#primaryimage"},"thumbnailUrl":"https:\/\/poligloci.edu.pl\/wp-content\/uploads\/2019\/10\/favicon_poligloci.png","datePublished":"2019-10-14T18:47:04+00:00","dateModified":"2020-03-04T16:35:41+00:00","description":"Doskonale zdajemy sobie spraw\u0119, \u017ce znajomo\u015b\u0107 j\u0119zyk\u00f3w obcych to przepustka do sfery wi\u0119kszych mo\u017cliwo\u015bci i korzy\u015bci. Sprawd\u017a kursy j\u0119zykowe indywidualne.","breadcrumb":{"@id":"https:\/\/poligloci.edu.pl\/kursy-jezykowe-indywidualne\/#breadcrumb"},"inLanguage":"en-US","potentialAction":[{"@type":"ReadAction","target":["https:\/\/poligloci.edu.pl\/kursy-jezykowe-indywidualne\/"]}]},{"@type":"ImageObject","inLanguage":"en-US","@id":"https:\/\/poligloci.edu.pl\/kursy-jezykowe-indywidualne\/#primaryimage","url":"https:\/\/poligloci.edu.pl\/wp-content\/uploads\/2019\/10\/favicon_poligloci.png","contentUrl":"https:\/\/poligloci.edu.pl\/wp-content\/uploads\/2019\/10\/favicon_poligloci.png"},{"@type":"BreadcrumbList","@id":"https:\/\/poligloci.edu.pl\/kursy-jezykowe-indywidualne\/#breadcrumb","itemListElement":[{"@type":"ListItem","position":1,"name":"Strona g\u0142\u00f3wna","item":"https:\/\/poligloci.edu.pl\/en\/"},{"@type":"ListItem","position":2,"name":"Individual language courses"}]},{"@type":"WebSite","@id":"\/#website","url":"\/","name":"POLIGLOCI","description":"Centrum Szkole\u0144 J\u0119zykowych, Szko\u0142a j\u0119zykowa, kurs angielskiego Katowice","potentialAction":[{"@type":"SearchAction","target":{"@type":"EntryPoint","urlTemplate":"\/?s={search_term_string}"},"query-input":{"@type":"PropertyValueSpecification","valueRequired":true,"valueName":"search_term_string"}}],"inLanguage":"en-US"}]}},"builder_content":"<h1>Individual language courses<\/h1>\n<img src=\"http:\/\/poligloci.edu.pl\/wp-content\/uploads\/2019\/10\/favicon_poligloci.png\" width=\"32\" height=\"32\" title=\"Individual language courses\" alt=\"Individual language courses\">\n<p>We are well aware that knowledge of foreign languages is now a ticket to the world of greater opportunities and benefits. We also understand that, to a large extent, a foreign language is only a means to an end, so we take particular care of our clients' valuable time and ensure that their goals are achieved without unnecessary stress.<\/p>\n<img src=\"http:\/\/poligloci.edu.pl\/wp-content\/uploads\/2020\/03\/AdobeStock_231486568-poligloci.jpg\" width=\"800\" height=\"533\" title=\"Individual language courses\" alt=\"Individual language courses\">\n<p>Are you thinking about improving your language skills? Contact us and we will create an individual language course tailored to your needs.<\/p>\n<a href=\"\/contact\" > Learn more <\/a>\n<h2>Language courses for demanding customers<\/h2>\n<img src=\"http:\/\/poligloci.edu.pl\/wp-content\/uploads\/2019\/10\/favicon_poligloci.png\" width=\"32\" height=\"32\" title=\"Individual language courses\" alt=\"Individual language courses\">\n<p>Since the beginning of our activity we have been specializing in individual language courses, addressed to people with unusual language needs or the expectation of flexibility in the organization of classes. Based on the accumulated knowledge and many years of experience, we advise what language level is necessary at a given career level. We offer preparation for FCE, CAE, CPE, LCCI and their equivalents in other languages, as well as specialized exams for specific industries.<\/p>\n<h2>Teaching staff at the highest level<\/h2>\n<img src=\"http:\/\/poligloci.edu.pl\/wp-content\/uploads\/2019\/10\/favicon_poligloci.png\" width=\"32\" height=\"32\" title=\"Individual language courses\" alt=\"Individual language courses\">\n<p>Individual classes are conducted by specialized teaching staff, tutors with philological education and native speakers with higher education.<\/p>\n<h2>Flexibility<\/h2>\n<img src=\"http:\/\/poligloci.edu.pl\/wp-content\/uploads\/2019\/10\/favicon_poligloci.png\" width=\"32\" height=\"32\" title=\"Individual language courses\" alt=\"Individual language courses\">\n<p>Classes can take place at the client's home, at work, on the premises of our school or online at any time convenient for the client. The days and hours of classes can be completely flexible.<\/p>\n<h2>Care at every stage of learning<\/h2>\n<img src=\"http:\/\/poligloci.edu.pl\/wp-content\/uploads\/2019\/10\/favicon_poligloci.png\" width=\"32\" height=\"32\" title=\"Individual language courses\" alt=\"Individual language courses\">\n<p>Where should we start? At a table with a cup of good coffee. We meet and determine your language proficiency level through a short written and oral test before you start learning. Then we determine the mode of organizing the classes, the possible length of the course and its scope, necessary to achieve the goal. We are guided by EU methodological assumptions, according to which the implementation of each of the six levels of language knowledge - A1, A2, B1, B2, C1, C2 (link to the description of the levels) - is at least 120 hours of learning. We select a tutor - a Polish tutor with philological education or a native speaker with higher education, including education in relavant professional areas. In addition, a dedicated client assistant will enure that the course runs smoothly and flexibly from the beginning to the end.<\/p>","_links":{"self":[{"href":"https:\/\/poligloci.edu.pl\/en\/wp-json\/wp\/v2\/pages\/281","targetHints":{"allow":["GET"]}}],"collection":[{"href":"https:\/\/poligloci.edu.pl\/en\/wp-json\/wp\/v2\/pages"}],"about":[{"href":"https:\/\/poligloci.edu.pl\/en\/wp-json\/wp\/v2\/types\/page"}],"author":[{"embeddable":true,"href":"https:\/\/poligloci.edu.pl\/en\/wp-json\/wp\/v2\/users\/1"}],"replies":[{"embeddable":true,"href":"https:\/\/poligloci.edu.pl\/en\/wp-json\/wp\/v2\/comments?post=281"}],"version-history":[{"count":0,"href":"https:\/\/poligloci.edu.pl\/en\/wp-json\/wp\/v2\/pages\/281\/revisions"}],"wp:attachment":[{"href":"https:\/\/poligloci.edu.pl\/en\/wp-json\/wp\/v2\/media?parent=281"}],"curies":[{"name":"wp","href":"https:\/\/api.w.org\/{rel}","templated":true}]}}