{"id":286,"date":"2019-10-14T20:47:40","date_gmt":"2019-10-14T18:47:40","guid":{"rendered":"http:\/\/poligloci.edu.pl\/kursy-jezykowe-online\/"},"modified":"2020-03-04T17:38:05","modified_gmt":"2020-03-04T16:38:05","slug":"online-language-courses","status":"publish","type":"page","link":"https:\/\/poligloci.edu.pl\/en\/online-language-courses\/","title":{"rendered":"Online language courses"},"content":{"rendered":"<!--themify_builder_content-->\n<div id=\"themify_builder_content-286\" data-postid=\"286\" class=\"themify_builder_content themify_builder_content-286 themify_builder tf_clear\">\n                    <div  data-lazy=\"1\" class=\"module_row themify_builder_row tb_ztyy838 tb_first tf_w wow\" data-tf-animation=\"fadeIn\">\n                        <div class=\"row_inner col_align_middle tb_col_count_2 tf_box tf_rel\">\n                        <div  data-lazy=\"1\" class=\"module_column tb-column col4-2 tb_nt9x844 first\">\n                    <!-- module text -->\n<div  class=\"module module-text tb_l887846    wow\" data-tf-animation=\"fadeInDown\" data-tf-animation_delay=\".5\" data-lazy=\"1\">\n        <div  class=\"tb_text_wrap\">\n        <h1>Online language courses<\/h1>\n    <\/div>\n<\/div>\n<!-- \/module text --><!-- module image -->\n<div  class=\"module module-image tb_t8qb848 image-top  poligloci-div tf_mw wow\" data-tf-animation=\"fadeIn\" data-tf-animation_delay=\".6\" data-lazy=\"1\">\n        <div class=\"image-wrap tf_rel tf_mw\">\n            <img loading=\"lazy\" decoding=\"async\" src=\"http:\/\/poligloci.edu.pl\/wp-content\/uploads\/2019\/10\/favicon_poligloci.png\" width=\"32\" height=\"32\" title=\"Online language courses\" alt=\"Online language courses\">    \n        <\/div>\n    <!-- \/image-wrap -->\n    \n        <\/div>\n<!-- \/module image --><!-- module text -->\n<div  class=\"module module-text tb_o9e9849    wow\" data-tf-animation=\"fadeInDown\" data-tf-animation_delay=\"0.7\" data-lazy=\"1\">\n        <div  class=\"tb_text_wrap\">\n        <p>Looking for the optimal solution for learning foreign languages for yourself or your company&#8217;s employees? Do you want to acquire practical conversation skills in a short time? Do you have little free time and don&#8217;t want to waste it?<\/p>\n<p>Consider online language courses for businesses. This solution eliminates the imperfections of traditional training, bringing many benefits to participants.<\/p>\n    <\/div>\n<\/div>\n<!-- \/module text -->        <\/div>\n                    <div  data-lazy=\"1\" class=\"module_column tb-column col4-2 tb_y7kb849 last\">\n                    <!-- module image -->\n<div  class=\"module module-image tb_u1fi851 image-center drop-shadow  tf_mw wow\" data-tf-animation=\"fadeIn\" data-lazy=\"1\">\n        <div class=\"image-wrap tf_rel tf_mw\">\n            <img loading=\"lazy\" decoding=\"async\" src=\"http:\/\/poligloci.edu.pl\/wp-content\/uploads\/2020\/03\/AdobeStock_246883523-poligloci.jpg\" width=\"800\" height=\"533\" title=\"Online language courses\" alt=\"Online language courses\">    \n        <\/div>\n    <!-- \/image-wrap -->\n    \n        <\/div>\n<!-- \/module image -->        <\/div>\n                        <\/div>\n        <\/div>\n                        <div  data-css_id=\"r6tm838\" data-lazy=\"1\" class=\"module_row themify_builder_row fullwidth_row_container tb_r6tm838 tf_w wow\" data-tf-animation=\"fadeIn\">\n                        <div class=\"row_inner col_align_top tb_col_count_1 tf_box tf_rel\">\n                        <div  data-lazy=\"1\" class=\"module_column tb-column col-full tb_act2855 first\">\n                            <div  data-lazy=\"1\" class=\"module_subrow themify_builder_sub_row tf_w col_align_top tb_col_count_1 tb_otq5860\">\n                <div  data-lazy=\"1\" class=\"module_column sub_column col-full tb_h77o864 first\">\n                    <!-- module text -->\n<div  class=\"module module-text tb_6juk866    wow\" data-tf-animation=\"fadeIn\" data-lazy=\"1\">\n        <div  class=\"tb_text_wrap\">\n        <p>If you are interested in organising online language courses for your company and would like to learn more about this service, please contact us.<\/p>\n    <\/div>\n<\/div>\n<!-- \/module text --><!-- module buttons -->\n<div  class=\"module module-buttons tb_37ym869 buttons-horizontal outline  large circle\" data-lazy=\"1\">\n        <div class=\"module-buttons-item tf_in_flx\">\n                        <a href=\"\/contact\" class=\"ui builder_button tf_in_flx tb_default_color\" >\n                                                Learn more                                        <\/a>\n                <\/div>\n            <\/div>\n<!-- \/module buttons -->\n        <\/div>\n                    <\/div>\n                <\/div>\n                        <\/div>\n        <\/div>\n                        <div  data-lazy=\"1\" class=\"module_row themify_builder_row tb_b0b5839 tf_w\">\n                        <div class=\"row_inner col_align_top tb_col_count_2 tf_box tf_rel\">\n                        <div  data-lazy=\"1\" class=\"module_column tb-column col4-2 tb_21wg873 first\">\n                    <!-- module text -->\n<div  class=\"module module-text tb_t5q0877    wow\" data-tf-animation=\"fadeInDown\" data-tf-animation_delay=\".5\" data-lazy=\"1\">\n        <div  class=\"tb_text_wrap\">\n        <h2>Don&#8217;t waste your time on commuting<\/h2>\n    <\/div>\n<\/div>\n<!-- \/module text --><!-- module image -->\n<div  class=\"module module-image tb_z6mw878 image-top  poligloci-div tf_mw\" data-lazy=\"1\">\n        <div class=\"image-wrap tf_rel tf_mw\">\n            <img loading=\"lazy\" decoding=\"async\" src=\"http:\/\/poligloci.edu.pl\/wp-content\/uploads\/2019\/10\/favicon_poligloci.png\" width=\"32\" height=\"32\" title=\"Online language courses\" alt=\"Online language courses\">    \n        <\/div>\n    <!-- \/image-wrap -->\n    \n        <\/div>\n<!-- \/module image --><!-- module text -->\n<div  class=\"module module-text tb_qctl879    wow\" data-tf-animation=\"fadeInDown\" data-tf-animation_delay=\"0.7\" data-lazy=\"1\">\n        <div  class=\"tb_text_wrap\">\n        <p>Participation in standard language courses usually means that one has to travel to a different place in a cumbersome and time-consuming way. Online courses help to avoid this situation. Instead of standing in a traffic jam or looking for a parking space, you will be able to spend more time participating in the classes.<\/p>\n    <\/div>\n<\/div>\n<!-- \/module text -->        <\/div>\n                    <div  data-lazy=\"1\" class=\"module_column tb-column col4-2 tb_8eo1884 last\">\n                    <!-- module text -->\n<div  class=\"module module-text tb_j5vo885    wow\" data-tf-animation=\"fadeInDown\" data-tf-animation_delay=\".5\" data-lazy=\"1\">\n        <div  class=\"tb_text_wrap\">\n        <h2>Learn at a convenient moment<\/h2>\n    <\/div>\n<\/div>\n<!-- \/module text --><!-- module image -->\n<div  class=\"module module-image tb_v46l886 image-top  poligloci-div tf_mw\" data-lazy=\"1\">\n        <div class=\"image-wrap tf_rel tf_mw\">\n            <img loading=\"lazy\" decoding=\"async\" src=\"http:\/\/poligloci.edu.pl\/wp-content\/uploads\/2019\/10\/favicon_poligloci.png\" width=\"32\" height=\"32\" title=\"Online language courses\" alt=\"Online language courses\">    \n        <\/div>\n    <!-- \/image-wrap -->\n    \n        <\/div>\n<!-- \/module image --><!-- module text -->\n<div  class=\"module module-text tb_g3pk886    wow\" data-tf-animation=\"fadeInDown\" data-tf-animation_delay=\"0.7\" data-lazy=\"1\">\n        <div  class=\"tb_text_wrap\">\n        <p>In the case of online language courses, it is the participant who decides at what time he or she can learn. These can be morning hours, a lunch break or late afternoon or evening, for example. Participants in such courses also appreciate the flexibility to change days or hours of study. Eliminating the need for commuting makes postponing lessons to another date easier than with traditional courses.<\/p>\n    <\/div>\n<\/div>\n<!-- \/module text -->        <\/div>\n                        <\/div>\n        <\/div>\n                        <div  data-lazy=\"1\" class=\"module_row themify_builder_row tb_a5nb965 tf_w\">\n                        <div class=\"row_inner col_align_top tb_col_count_2 tf_box tf_rel\">\n                        <div  data-lazy=\"1\" class=\"module_column tb-column col4-2 tb_uu44974 first\">\n                    <!-- module text -->\n<div  class=\"module module-text tb_9e7i978    wow\" data-tf-animation=\"fadeInDown\" data-tf-animation_delay=\".5\" data-lazy=\"1\">\n        <div  class=\"tb_text_wrap\">\n        <h2>Fast progress with online language courses<\/h2>\n    <\/div>\n<\/div>\n<!-- \/module text --><!-- module image -->\n<div  class=\"module module-image tb_scn2981 image-top  poligloci-div tf_mw\" data-lazy=\"1\">\n        <div class=\"image-wrap tf_rel tf_mw\">\n            <img loading=\"lazy\" decoding=\"async\" src=\"http:\/\/poligloci.edu.pl\/wp-content\/uploads\/2019\/10\/favicon_poligloci.png\" width=\"32\" height=\"32\" title=\"Online language courses\" alt=\"Online language courses\">    \n        <\/div>\n    <!-- \/image-wrap -->\n    \n        <\/div>\n<!-- \/module image --><!-- module text -->\n<div  class=\"module module-text tb_yshu989    wow\" data-tf-animation=\"fadeInDown\" data-tf-animation_delay=\"0.7\" data-lazy=\"1\">\n        <div  class=\"tb_text_wrap\">\n        <p>Learning online is usually more intensive than one in a traditional setting. Because the lessons can take place more often, it is possible to complete a full semester of learning in 2 months of online classes (you only need to spend 5 times a week learning 1 hour). It is therefore an ideal solution for those who need motivation to learn in the form of quick, noticeable results.<\/p>\n    <\/div>\n<\/div>\n<!-- \/module text -->        <\/div>\n                    <div  data-lazy=\"1\" class=\"module_column tb-column col4-2 tb_q8gp990 last\">\n                    <!-- module text -->\n<div  class=\"module module-text tb_20t4991    wow\" data-tf-animation=\"fadeInDown\" data-tf-animation_delay=\".5\" data-lazy=\"1\">\n        <div  class=\"tb_text_wrap\">\n        <h2>Why choose our online language courses?<\/h2>\n    <\/div>\n<\/div>\n<!-- \/module text --><!-- module image -->\n<div  class=\"module module-image tb_y375992 image-top  poligloci-div tf_mw\" data-lazy=\"1\">\n        <div class=\"image-wrap tf_rel tf_mw\">\n            <img loading=\"lazy\" decoding=\"async\" src=\"http:\/\/poligloci.edu.pl\/wp-content\/uploads\/2019\/10\/favicon_poligloci.png\" width=\"32\" height=\"32\" title=\"Online language courses\" alt=\"Online language courses\">    \n        <\/div>\n    <!-- \/image-wrap -->\n    \n        <\/div>\n<!-- \/module image --><!-- module text -->\n<div  class=\"module module-text tb_5m0y992    wow\" data-tf-animation=\"fadeInDown\" data-tf-animation_delay=\"0.7\" data-lazy=\"1\">\n        <div  class=\"tb_text_wrap\">\n        <p>We know how to teach foreign languages for companies like no one else, having been organising courses since 2003. We care about the high quality of classes &#8211; we employ only philologists and the curriculum is focused on practice &#8211; we teach speaking, not solving grammar exercises. Efficient communication with the client is important to us &#8211; that is why we provide every company learning with us with the care of a coordinator and quarterly progress reports.<\/p>\n    <\/div>\n<\/div>\n<!-- \/module text -->        <\/div>\n                        <\/div>\n        <\/div>\n        <\/div>\n<!--\/themify_builder_content-->","protected":false},"excerpt":{"rendered":"<p>Online language courses Looking for the optimal solution for learning foreign languages for yourself or your company&#8217;s employees? Do you want to acquire practical conversation skills in a short time? Do you have little free time and don&#8217;t want to waste it? Consider online language courses for businesses. This solution eliminates the imperfections of traditional [&hellip;]<\/p>\n","protected":false},"author":1,"featured_media":0,"parent":0,"menu_order":13,"comment_status":"closed","ping_status":"closed","template":"","meta":{"footnotes":""},"class_list":["post-286","page","type-page","status-publish","hentry","has-post-title","has-post-date","has-post-category","has-post-tag","has-post-comment","has-post-author",""],"yoast_head":"<!-- This site is optimized with the Yoast SEO plugin v24.5 - https:\/\/yoast.com\/wordpress\/plugins\/seo\/ -->\n<title>Online language courses - POLIGLOCI<\/title>\n<meta name=\"robots\" content=\"index, follow, max-snippet:-1, max-image-preview:large, max-video-preview:-1\" \/>\n<link rel=\"canonical\" href=\"https:\/\/poligloci.edu.pl\/en\/kursy-jezykowe-online\/\" \/>\n<meta property=\"og:locale\" content=\"en_US\" \/>\n<meta property=\"og:type\" content=\"article\" \/>\n<meta property=\"og:title\" content=\"Online language courses - POLIGLOCI\" \/>\n<meta property=\"og:description\" content=\"Online language courses Looking for the optimal solution for learning foreign languages for yourself or your company&#8217;s employees? Do you want to acquire practical conversation skills in a short time? Do you have little free time and don&#8217;t want to waste it? Consider online language courses for businesses. This solution eliminates the imperfections of traditional [&hellip;]\" \/>\n<meta property=\"og:url\" content=\"https:\/\/poligloci.edu.pl\/kursy-jezykowe-online\/\" \/>\n<meta property=\"og:site_name\" content=\"POLIGLOCI\" \/>\n<meta property=\"article:modified_time\" content=\"2020-03-04T16:38:05+00:00\" \/>\n<meta property=\"og:image\" content=\"https:\/\/poligloci.edu.pl\/wp-content\/uploads\/2019\/10\/favicon_poligloci.png\" \/>\n<meta name=\"twitter:card\" content=\"summary_large_image\" \/>\n<meta name=\"twitter:label1\" content=\"Est. reading time\" \/>\n\t<meta name=\"twitter:data1\" content=\"2 minutes\" \/>\n<script type=\"application\/ld+json\" class=\"yoast-schema-graph\">{\"@context\":\"https:\/\/schema.org\",\"@graph\":[{\"@type\":\"WebPage\",\"@id\":\"https:\/\/poligloci.edu.pl\/kursy-jezykowe-online\/\",\"url\":\"https:\/\/poligloci.edu.pl\/kursy-jezykowe-online\/\",\"name\":\"Online language courses - POLIGLOCI\",\"isPartOf\":{\"@id\":\"\/#website\"},\"primaryImageOfPage\":{\"@id\":\"https:\/\/poligloci.edu.pl\/kursy-jezykowe-online\/#primaryimage\"},\"image\":{\"@id\":\"https:\/\/poligloci.edu.pl\/kursy-jezykowe-online\/#primaryimage\"},\"thumbnailUrl\":\"https:\/\/poligloci.edu.pl\/wp-content\/uploads\/2019\/10\/favicon_poligloci.png\",\"datePublished\":\"2019-10-14T18:47:40+00:00\",\"dateModified\":\"2020-03-04T16:38:05+00:00\",\"breadcrumb\":{\"@id\":\"https:\/\/poligloci.edu.pl\/kursy-jezykowe-online\/#breadcrumb\"},\"inLanguage\":\"en-US\",\"potentialAction\":[{\"@type\":\"ReadAction\",\"target\":[\"https:\/\/poligloci.edu.pl\/kursy-jezykowe-online\/\"]}]},{\"@type\":\"ImageObject\",\"inLanguage\":\"en-US\",\"@id\":\"https:\/\/poligloci.edu.pl\/kursy-jezykowe-online\/#primaryimage\",\"url\":\"https:\/\/poligloci.edu.pl\/wp-content\/uploads\/2019\/10\/favicon_poligloci.png\",\"contentUrl\":\"https:\/\/poligloci.edu.pl\/wp-content\/uploads\/2019\/10\/favicon_poligloci.png\"},{\"@type\":\"BreadcrumbList\",\"@id\":\"https:\/\/poligloci.edu.pl\/kursy-jezykowe-online\/#breadcrumb\",\"itemListElement\":[{\"@type\":\"ListItem\",\"position\":1,\"name\":\"Strona g\u0142\u00f3wna\",\"item\":\"https:\/\/poligloci.edu.pl\/en\/\"},{\"@type\":\"ListItem\",\"position\":2,\"name\":\"Online language courses\"}]},{\"@type\":\"WebSite\",\"@id\":\"\/#website\",\"url\":\"\/\",\"name\":\"POLIGLOCI\",\"description\":\"Centrum Szkole\u0144 J\u0119zykowych, Szko\u0142a j\u0119zykowa, kurs angielskiego Katowice\",\"potentialAction\":[{\"@type\":\"SearchAction\",\"target\":{\"@type\":\"EntryPoint\",\"urlTemplate\":\"\/?s={search_term_string}\"},\"query-input\":{\"@type\":\"PropertyValueSpecification\",\"valueRequired\":true,\"valueName\":\"search_term_string\"}}],\"inLanguage\":\"en-US\"}]}<\/script>\n<!-- \/ Yoast SEO plugin. -->","yoast_head_json":{"title":"Online language courses - POLIGLOCI","robots":{"index":"index","follow":"follow","max-snippet":"max-snippet:-1","max-image-preview":"max-image-preview:large","max-video-preview":"max-video-preview:-1"},"canonical":"https:\/\/poligloci.edu.pl\/en\/kursy-jezykowe-online\/","og_locale":"en_US","og_type":"article","og_title":"Online language courses - POLIGLOCI","og_description":"Online language courses Looking for the optimal solution for learning foreign languages for yourself or your company&#8217;s employees? Do you want to acquire practical conversation skills in a short time? Do you have little free time and don&#8217;t want to waste it? Consider online language courses for businesses. This solution eliminates the imperfections of traditional [&hellip;]","og_url":"https:\/\/poligloci.edu.pl\/kursy-jezykowe-online\/","og_site_name":"POLIGLOCI","article_modified_time":"2020-03-04T16:38:05+00:00","og_image":[{"url":"https:\/\/poligloci.edu.pl\/wp-content\/uploads\/2019\/10\/favicon_poligloci.png","type":"","width":"","height":""}],"twitter_card":"summary_large_image","twitter_misc":{"Est. reading time":"2 minutes"},"schema":{"@context":"https:\/\/schema.org","@graph":[{"@type":"WebPage","@id":"https:\/\/poligloci.edu.pl\/kursy-jezykowe-online\/","url":"https:\/\/poligloci.edu.pl\/kursy-jezykowe-online\/","name":"Online language courses - POLIGLOCI","isPartOf":{"@id":"\/#website"},"primaryImageOfPage":{"@id":"https:\/\/poligloci.edu.pl\/kursy-jezykowe-online\/#primaryimage"},"image":{"@id":"https:\/\/poligloci.edu.pl\/kursy-jezykowe-online\/#primaryimage"},"thumbnailUrl":"https:\/\/poligloci.edu.pl\/wp-content\/uploads\/2019\/10\/favicon_poligloci.png","datePublished":"2019-10-14T18:47:40+00:00","dateModified":"2020-03-04T16:38:05+00:00","breadcrumb":{"@id":"https:\/\/poligloci.edu.pl\/kursy-jezykowe-online\/#breadcrumb"},"inLanguage":"en-US","potentialAction":[{"@type":"ReadAction","target":["https:\/\/poligloci.edu.pl\/kursy-jezykowe-online\/"]}]},{"@type":"ImageObject","inLanguage":"en-US","@id":"https:\/\/poligloci.edu.pl\/kursy-jezykowe-online\/#primaryimage","url":"https:\/\/poligloci.edu.pl\/wp-content\/uploads\/2019\/10\/favicon_poligloci.png","contentUrl":"https:\/\/poligloci.edu.pl\/wp-content\/uploads\/2019\/10\/favicon_poligloci.png"},{"@type":"BreadcrumbList","@id":"https:\/\/poligloci.edu.pl\/kursy-jezykowe-online\/#breadcrumb","itemListElement":[{"@type":"ListItem","position":1,"name":"Strona g\u0142\u00f3wna","item":"https:\/\/poligloci.edu.pl\/en\/"},{"@type":"ListItem","position":2,"name":"Online language courses"}]},{"@type":"WebSite","@id":"\/#website","url":"\/","name":"POLIGLOCI","description":"Centrum Szkole\u0144 J\u0119zykowych, Szko\u0142a j\u0119zykowa, kurs angielskiego Katowice","potentialAction":[{"@type":"SearchAction","target":{"@type":"EntryPoint","urlTemplate":"\/?s={search_term_string}"},"query-input":{"@type":"PropertyValueSpecification","valueRequired":true,"valueName":"search_term_string"}}],"inLanguage":"en-US"}]}},"builder_content":"<h1>Online language courses<\/h1>\n<img src=\"http:\/\/poligloci.edu.pl\/wp-content\/uploads\/2019\/10\/favicon_poligloci.png\" width=\"32\" height=\"32\" title=\"Online language courses\" alt=\"Online language courses\">\n<p>Looking for the optimal solution for learning foreign languages for yourself or your company's employees? Do you want to acquire practical conversation skills in a short time? Do you have little free time and don't want to waste it?<\/p> <p>Consider online language courses for businesses. This solution eliminates the imperfections of traditional training, bringing many benefits to participants.<\/p>\n<img src=\"http:\/\/poligloci.edu.pl\/wp-content\/uploads\/2020\/03\/AdobeStock_246883523-poligloci.jpg\" width=\"800\" height=\"533\" title=\"Online language courses\" alt=\"Online language courses\">\n<p>If you are interested in organising online language courses for your company and would like to learn more about this service, please contact us.<\/p>\n<a href=\"\/contact\" > Learn more <\/a>\n<h2>Don't waste your time on commuting<\/h2>\n<img src=\"http:\/\/poligloci.edu.pl\/wp-content\/uploads\/2019\/10\/favicon_poligloci.png\" width=\"32\" height=\"32\" title=\"Online language courses\" alt=\"Online language courses\">\n<p>Participation in standard language courses usually means that one has to travel to a different place in a cumbersome and time-consuming way. Online courses help to avoid this situation. Instead of standing in a traffic jam or looking for a parking space, you will be able to spend more time participating in the classes.<\/p>\n<h2>Learn at a convenient moment<\/h2>\n<img src=\"http:\/\/poligloci.edu.pl\/wp-content\/uploads\/2019\/10\/favicon_poligloci.png\" width=\"32\" height=\"32\" title=\"Online language courses\" alt=\"Online language courses\">\n<p>In the case of online language courses, it is the participant who decides at what time he or she can learn. These can be morning hours, a lunch break or late afternoon or evening, for example. Participants in such courses also appreciate the flexibility to change days or hours of study. Eliminating the need for commuting makes postponing lessons to another date easier than with traditional courses.<\/p>\n<h2>Fast progress with online language courses<\/h2>\n<img src=\"http:\/\/poligloci.edu.pl\/wp-content\/uploads\/2019\/10\/favicon_poligloci.png\" width=\"32\" height=\"32\" title=\"Online language courses\" alt=\"Online language courses\">\n<p>Learning online is usually more intensive than one in a traditional setting. Because the lessons can take place more often, it is possible to complete a full semester of learning in 2 months of online classes (you only need to spend 5 times a week learning 1 hour). It is therefore an ideal solution for those who need motivation to learn in the form of quick, noticeable results.<\/p>\n<h2>Why choose our online language courses?<\/h2>\n<img src=\"http:\/\/poligloci.edu.pl\/wp-content\/uploads\/2019\/10\/favicon_poligloci.png\" width=\"32\" height=\"32\" title=\"Online language courses\" alt=\"Online language courses\">\n<p>We know how to teach foreign languages for companies like no one else, having been organising courses since 2003. We care about the high quality of classes - we employ only philologists and the curriculum is focused on practice - we teach speaking, not solving grammar exercises. Efficient communication with the client is important to us - that is why we provide every company learning with us with the care of a coordinator and quarterly progress reports.<\/p>","_links":{"self":[{"href":"https:\/\/poligloci.edu.pl\/en\/wp-json\/wp\/v2\/pages\/286","targetHints":{"allow":["GET"]}}],"collection":[{"href":"https:\/\/poligloci.edu.pl\/en\/wp-json\/wp\/v2\/pages"}],"about":[{"href":"https:\/\/poligloci.edu.pl\/en\/wp-json\/wp\/v2\/types\/page"}],"author":[{"embeddable":true,"href":"https:\/\/poligloci.edu.pl\/en\/wp-json\/wp\/v2\/users\/1"}],"replies":[{"embeddable":true,"href":"https:\/\/poligloci.edu.pl\/en\/wp-json\/wp\/v2\/comments?post=286"}],"version-history":[{"count":0,"href":"https:\/\/poligloci.edu.pl\/en\/wp-json\/wp\/v2\/pages\/286\/revisions"}],"wp:attachment":[{"href":"https:\/\/poligloci.edu.pl\/en\/wp-json\/wp\/v2\/media?parent=286"}],"curies":[{"name":"wp","href":"https:\/\/api.w.org\/{rel}","templated":true}]}}