{"id":288,"date":"2019-10-14T20:48:23","date_gmt":"2019-10-14T18:48:23","guid":{"rendered":"http:\/\/poligloci.edu.pl\/ile-trwa-nauka-jezyka\/"},"modified":"2020-03-04T17:41:12","modified_gmt":"2020-03-04T16:41:12","slug":"how-long-does-language-learning-take","status":"publish","type":"page","link":"https:\/\/poligloci.edu.pl\/en\/how-long-does-language-learning-take\/","title":{"rendered":"How long does language learning take?"},"content":{"rendered":"<!--themify_builder_content-->\n<div id=\"themify_builder_content-288\" data-postid=\"288\" class=\"themify_builder_content themify_builder_content-288 themify_builder tf_clear\">\n                    <div  data-lazy=\"1\" class=\"module_row themify_builder_row tb_qbf1388 tb_first tf_w wow\" data-tf-animation=\"fadeIn\">\n                        <div class=\"row_inner col_align_top tb_col_count_2 tf_box tf_rel\">\n                        <div  data-lazy=\"1\" class=\"module_column tb-column col4-2 tb_n4ik392 first\">\n                    <!-- module text -->\n<div  class=\"module module-text tb_gn21393    wow\" data-tf-animation=\"fadeInDown\" data-tf-animation_delay=\".5\" data-lazy=\"1\">\n        <div  class=\"tb_text_wrap\">\n        <h1>How long language learning takes<\/h1>\n    <\/div>\n<\/div>\n<!-- \/module text --><!-- module image -->\n<div  class=\"module module-image tb_dscx395 image-top  poligloci-div tf_mw wow\" data-tf-animation=\"fadeIn\" data-tf-animation_delay=\".6\" data-lazy=\"1\">\n        <div class=\"image-wrap tf_rel tf_mw\">\n            <img loading=\"lazy\" decoding=\"async\" src=\"http:\/\/poligloci.edu.pl\/wp-content\/uploads\/2019\/10\/favicon_poligloci.png\" width=\"32\" height=\"32\" title=\"How long does language learning take?\" alt=\"How long does language learning take?\">    \n        <\/div>\n    <!-- \/image-wrap -->\n    \n        <\/div>\n<!-- \/module image --><!-- module text -->\n<div  class=\"module module-text tb_qelp396    wow\" data-tf-animation=\"fadeInDown\" data-tf-animation_delay=\"0.7\" data-lazy=\"1\">\n        <div  class=\"tb_text_wrap\">\n        <p>Before we start training, we meet and determine both: your level of language knowledge through a written and oral test, as well as the mode of organization of classes and possible length of training to achieve the goal set on the basis of a methodical by the EU (6 levels of advanced a1, A2, B1, B2, C1, C2, implementation of each of them is a minimum of 120 lesson hours)<\/p>\n    <\/div>\n<\/div>\n<!-- \/module text -->        <\/div>\n                    <div  data-lazy=\"1\" class=\"module_column tb-column col4-2 tb_6g61397 last\">\n                            <\/div>\n                        <\/div>\n        <\/div>\n                        <div  data-css_id=\"luqd388\" data-lazy=\"1\" class=\"module_row themify_builder_row fullwidth_row_container tb_luqd388 tf_w wow\" data-tf-animation=\"fadeIn\">\n                        <div class=\"row_inner col_align_top tb_col_count_1 tf_box tf_rel\">\n                        <div  data-lazy=\"1\" class=\"module_column tb-column col-full tb_zgej402 first\">\n                            <div  data-lazy=\"1\" class=\"module_subrow themify_builder_sub_row tf_w col_align_top tb_col_count_1 tb_dnyl403\">\n                <div  data-lazy=\"1\" class=\"module_column sub_column col-full tb_knnj408 first\">\n                    <!-- module text -->\n<div  class=\"module module-text tb_vmts409    wow\" data-tf-animation=\"fadeIn\" data-lazy=\"1\">\n        <div  class=\"tb_text_wrap\">\n        <p style=\"text-align: center;\">You can also reach your destination in small steps<\/p>\n    <\/div>\n<\/div>\n<!-- \/module text --><!-- module text -->\n<div  class=\"module module-text tb_baur453   \" data-lazy=\"1\">\n        <div  class=\"tb_text_wrap\">\n        <p>A dedicated coordinator will not only help you start the classes but also ensure that they take place smoothly and flexibly.<\/p>\n    <\/div>\n<\/div>\n<!-- \/module text --><!-- module buttons -->\n<div  class=\"module module-buttons tb_mspc410 buttons-horizontal outline  large circle\" data-lazy=\"1\">\n        <div class=\"module-buttons-item tf_in_flx\">\n                        <a href=\"\/contact\" class=\"ui builder_button tf_in_flx tb_default_color\" >\n                                                Send inquiry                                        <\/a>\n                <\/div>\n            <\/div>\n<!-- \/module buttons -->\n        <\/div>\n                    <\/div>\n                <\/div>\n                        <\/div>\n        <\/div>\n                        <div  data-lazy=\"1\" class=\"module_row themify_builder_row tb_hs0q389 tf_w\">\n                        <div class=\"row_inner col_align_top tb_col_count_2 tf_box tf_rel\">\n                        <div  data-lazy=\"1\" class=\"module_column tb-column col4-2 tb_0v7t412 first\">\n                    <!-- module text -->\n<div  class=\"module module-text tb_g3ox412    wow\" data-tf-animation=\"fadeInDown\" data-tf-animation_delay=\".5\" data-lazy=\"1\">\n        <div  class=\"tb_text_wrap\">\n        <h2>To complete one language level by attending:<\/h2>\n    <\/div>\n<\/div>\n<!-- \/module text --><!-- module image -->\n<div  class=\"module module-image tb_dlue413 image-top  poligloci-div tf_mw\" data-lazy=\"1\">\n        <div class=\"image-wrap tf_rel tf_mw\">\n            <img loading=\"lazy\" decoding=\"async\" src=\"http:\/\/poligloci.edu.pl\/wp-content\/uploads\/2019\/10\/favicon_poligloci.png\" width=\"32\" height=\"32\" title=\"How long does language learning take?\" alt=\"How long does language learning take?\">    \n        <\/div>\n    <!-- \/image-wrap -->\n    \n        <\/div>\n<!-- \/module image --><!-- module text -->\n<div  class=\"module module-text tb_tleg692    wow\" data-tf-animation=\"fadeInDown\" data-tf-animation_delay=\"0.7\" data-lazy=\"1\">\n        <div  class=\"tb_text_wrap\">\n        <ul>\n<li>2 x 90 min. per week we need 30 weeks, so about 7 months<\/li>\n<li>3 x 90 min. a week we need 20 weeks, so about 5 months<\/li>\n<li>4 x 90 minutes per week we need 15 weeks, so about 4 months<\/li>\n<\/ul>\n<p>At a frequency of 4 x 90 minutes per week we can learn the language from beginner to proficiency level in less than 2 years and after just one year we will feel comfortable talking about general topics.<\/p>\n    <\/div>\n<\/div>\n<!-- \/module text -->        <\/div>\n                    <div  data-lazy=\"1\" class=\"module_column tb-column col4-2 tb_ceyx254 last\">\n                    <!-- module text -->\n<div  class=\"module module-text tb_pvtm86    wow\" data-tf-animation=\"fadeInDown\" data-tf-animation_delay=\".5\" data-lazy=\"1\">\n        <div  class=\"tb_text_wrap\">\n        <h2>To complete one language level by attending:<\/h2>\n    <\/div>\n<\/div>\n<!-- \/module text --><!-- module image -->\n<div  class=\"module module-image tb_vump642 image-top  poligloci-div tf_mw\" data-lazy=\"1\">\n        <div class=\"image-wrap tf_rel tf_mw\">\n            <img loading=\"lazy\" decoding=\"async\" src=\"http:\/\/poligloci.edu.pl\/wp-content\/uploads\/2019\/10\/favicon_poligloci.png\" width=\"32\" height=\"32\" title=\"How long does language learning take?\" alt=\"How long does language learning take?\">    \n        <\/div>\n    <!-- \/image-wrap -->\n    \n        <\/div>\n<!-- \/module image --><!-- module text -->\n<div  class=\"module module-text tb_uv0h414    wow\" data-tf-animation=\"fadeInDown\" data-tf-animation_delay=\"0.7\" data-lazy=\"1\">\n        <div  class=\"tb_text_wrap\">\n        <ul>\n<li>2 x 120 min. per week we need about 22 weeks, so about 5.5 months<\/li>\n<li>3 x 120 min. per week we need about 15 weeks, so about 3.5 months<\/li>\n<li>4 x 120 min. per week we need about 11 weeks, so about 2.5 months<\/li>\n<\/ul>    <\/div>\n<\/div>\n<!-- \/module text -->        <\/div>\n                        <\/div>\n        <\/div>\n                        <div  data-lazy=\"1\" class=\"module_row themify_builder_row tb_lshm430 tf_w\">\n                        <div class=\"row_inner col_align_top tb_col_count_1 tf_box tf_rel\">\n                        <div  data-lazy=\"1\" class=\"module_column tb-column col-full tb_4wrq433 first\">\n                    <!-- module text -->\n<div  class=\"module module-text tb_tptt678   \" data-lazy=\"1\">\n        <div  class=\"tb_text_wrap\">\n        <p>How long we want to learn depends on what we already know (and usually we covered some basics in the past) and what we want to know in the end, as well as how much time a week we can devote to our goal.<\/p>\n    <\/div>\n<\/div>\n<!-- \/module text -->        <\/div>\n                        <\/div>\n        <\/div>\n        <\/div>\n<!--\/themify_builder_content-->","protected":false},"excerpt":{"rendered":"<p>How long language learning takes Before we start training, we meet and determine both: your level of language knowledge through a written and oral test, as well as the mode of organization of classes and possible length of training to achieve the goal set on the basis of a methodical by the EU (6 levels [&hellip;]<\/p>\n","protected":false},"author":1,"featured_media":0,"parent":0,"menu_order":14,"comment_status":"closed","ping_status":"closed","template":"","meta":{"footnotes":""},"class_list":["post-288","page","type-page","status-publish","hentry","has-post-title","has-post-date","has-post-category","has-post-tag","has-post-comment","has-post-author",""],"yoast_head":"<!-- This site is optimized with the Yoast SEO plugin v24.5 - https:\/\/yoast.com\/wordpress\/plugins\/seo\/ -->\n<title>How long does language learning take? - POLIGLOCI<\/title>\n<meta name=\"robots\" content=\"index, follow, max-snippet:-1, max-image-preview:large, max-video-preview:-1\" \/>\n<link rel=\"canonical\" href=\"https:\/\/poligloci.edu.pl\/en\/ile-trwa-nauka-jezyka\/\" \/>\n<meta property=\"og:locale\" content=\"en_US\" \/>\n<meta property=\"og:type\" content=\"article\" \/>\n<meta property=\"og:title\" content=\"How long does language learning take? - POLIGLOCI\" \/>\n<meta property=\"og:description\" content=\"How long language learning takes Before we start training, we meet and determine both: your level of language knowledge through a written and oral test, as well as the mode of organization of classes and possible length of training to achieve the goal set on the basis of a methodical by the EU (6 levels [&hellip;]\" \/>\n<meta property=\"og:url\" content=\"https:\/\/poligloci.edu.pl\/ile-trwa-nauka-jezyka\/\" \/>\n<meta property=\"og:site_name\" content=\"POLIGLOCI\" \/>\n<meta property=\"article:modified_time\" content=\"2020-03-04T16:41:12+00:00\" \/>\n<meta property=\"og:image\" content=\"https:\/\/poligloci.edu.pl\/wp-content\/uploads\/2019\/10\/favicon_poligloci.png\" \/>\n<meta name=\"twitter:card\" content=\"summary_large_image\" \/>\n<meta name=\"twitter:label1\" content=\"Est. reading time\" \/>\n\t<meta name=\"twitter:data1\" content=\"1 minute\" \/>\n<script type=\"application\/ld+json\" class=\"yoast-schema-graph\">{\"@context\":\"https:\/\/schema.org\",\"@graph\":[{\"@type\":\"WebPage\",\"@id\":\"https:\/\/poligloci.edu.pl\/ile-trwa-nauka-jezyka\/\",\"url\":\"https:\/\/poligloci.edu.pl\/ile-trwa-nauka-jezyka\/\",\"name\":\"How long does language learning take? - POLIGLOCI\",\"isPartOf\":{\"@id\":\"\/#website\"},\"primaryImageOfPage\":{\"@id\":\"https:\/\/poligloci.edu.pl\/ile-trwa-nauka-jezyka\/#primaryimage\"},\"image\":{\"@id\":\"https:\/\/poligloci.edu.pl\/ile-trwa-nauka-jezyka\/#primaryimage\"},\"thumbnailUrl\":\"https:\/\/poligloci.edu.pl\/wp-content\/uploads\/2019\/10\/favicon_poligloci.png\",\"datePublished\":\"2019-10-14T18:48:23+00:00\",\"dateModified\":\"2020-03-04T16:41:12+00:00\",\"breadcrumb\":{\"@id\":\"https:\/\/poligloci.edu.pl\/ile-trwa-nauka-jezyka\/#breadcrumb\"},\"inLanguage\":\"en-US\",\"potentialAction\":[{\"@type\":\"ReadAction\",\"target\":[\"https:\/\/poligloci.edu.pl\/ile-trwa-nauka-jezyka\/\"]}]},{\"@type\":\"ImageObject\",\"inLanguage\":\"en-US\",\"@id\":\"https:\/\/poligloci.edu.pl\/ile-trwa-nauka-jezyka\/#primaryimage\",\"url\":\"https:\/\/poligloci.edu.pl\/wp-content\/uploads\/2019\/10\/favicon_poligloci.png\",\"contentUrl\":\"https:\/\/poligloci.edu.pl\/wp-content\/uploads\/2019\/10\/favicon_poligloci.png\"},{\"@type\":\"BreadcrumbList\",\"@id\":\"https:\/\/poligloci.edu.pl\/ile-trwa-nauka-jezyka\/#breadcrumb\",\"itemListElement\":[{\"@type\":\"ListItem\",\"position\":1,\"name\":\"Strona g\u0142\u00f3wna\",\"item\":\"https:\/\/poligloci.edu.pl\/en\/\"},{\"@type\":\"ListItem\",\"position\":2,\"name\":\"How long does language learning take?\"}]},{\"@type\":\"WebSite\",\"@id\":\"\/#website\",\"url\":\"\/\",\"name\":\"POLIGLOCI\",\"description\":\"Centrum Szkole\u0144 J\u0119zykowych, Szko\u0142a j\u0119zykowa, kurs angielskiego Katowice\",\"potentialAction\":[{\"@type\":\"SearchAction\",\"target\":{\"@type\":\"EntryPoint\",\"urlTemplate\":\"\/?s={search_term_string}\"},\"query-input\":{\"@type\":\"PropertyValueSpecification\",\"valueRequired\":true,\"valueName\":\"search_term_string\"}}],\"inLanguage\":\"en-US\"}]}<\/script>\n<!-- \/ Yoast SEO plugin. -->","yoast_head_json":{"title":"How long does language learning take? - POLIGLOCI","robots":{"index":"index","follow":"follow","max-snippet":"max-snippet:-1","max-image-preview":"max-image-preview:large","max-video-preview":"max-video-preview:-1"},"canonical":"https:\/\/poligloci.edu.pl\/en\/ile-trwa-nauka-jezyka\/","og_locale":"en_US","og_type":"article","og_title":"How long does language learning take? - POLIGLOCI","og_description":"How long language learning takes Before we start training, we meet and determine both: your level of language knowledge through a written and oral test, as well as the mode of organization of classes and possible length of training to achieve the goal set on the basis of a methodical by the EU (6 levels [&hellip;]","og_url":"https:\/\/poligloci.edu.pl\/ile-trwa-nauka-jezyka\/","og_site_name":"POLIGLOCI","article_modified_time":"2020-03-04T16:41:12+00:00","og_image":[{"url":"https:\/\/poligloci.edu.pl\/wp-content\/uploads\/2019\/10\/favicon_poligloci.png","type":"","width":"","height":""}],"twitter_card":"summary_large_image","twitter_misc":{"Est. reading time":"1 minute"},"schema":{"@context":"https:\/\/schema.org","@graph":[{"@type":"WebPage","@id":"https:\/\/poligloci.edu.pl\/ile-trwa-nauka-jezyka\/","url":"https:\/\/poligloci.edu.pl\/ile-trwa-nauka-jezyka\/","name":"How long does language learning take? - POLIGLOCI","isPartOf":{"@id":"\/#website"},"primaryImageOfPage":{"@id":"https:\/\/poligloci.edu.pl\/ile-trwa-nauka-jezyka\/#primaryimage"},"image":{"@id":"https:\/\/poligloci.edu.pl\/ile-trwa-nauka-jezyka\/#primaryimage"},"thumbnailUrl":"https:\/\/poligloci.edu.pl\/wp-content\/uploads\/2019\/10\/favicon_poligloci.png","datePublished":"2019-10-14T18:48:23+00:00","dateModified":"2020-03-04T16:41:12+00:00","breadcrumb":{"@id":"https:\/\/poligloci.edu.pl\/ile-trwa-nauka-jezyka\/#breadcrumb"},"inLanguage":"en-US","potentialAction":[{"@type":"ReadAction","target":["https:\/\/poligloci.edu.pl\/ile-trwa-nauka-jezyka\/"]}]},{"@type":"ImageObject","inLanguage":"en-US","@id":"https:\/\/poligloci.edu.pl\/ile-trwa-nauka-jezyka\/#primaryimage","url":"https:\/\/poligloci.edu.pl\/wp-content\/uploads\/2019\/10\/favicon_poligloci.png","contentUrl":"https:\/\/poligloci.edu.pl\/wp-content\/uploads\/2019\/10\/favicon_poligloci.png"},{"@type":"BreadcrumbList","@id":"https:\/\/poligloci.edu.pl\/ile-trwa-nauka-jezyka\/#breadcrumb","itemListElement":[{"@type":"ListItem","position":1,"name":"Strona g\u0142\u00f3wna","item":"https:\/\/poligloci.edu.pl\/en\/"},{"@type":"ListItem","position":2,"name":"How long does language learning take?"}]},{"@type":"WebSite","@id":"\/#website","url":"\/","name":"POLIGLOCI","description":"Centrum Szkole\u0144 J\u0119zykowych, Szko\u0142a j\u0119zykowa, kurs angielskiego Katowice","potentialAction":[{"@type":"SearchAction","target":{"@type":"EntryPoint","urlTemplate":"\/?s={search_term_string}"},"query-input":{"@type":"PropertyValueSpecification","valueRequired":true,"valueName":"search_term_string"}}],"inLanguage":"en-US"}]}},"builder_content":"<h1>How long language learning takes<\/h1>\n<img src=\"http:\/\/poligloci.edu.pl\/wp-content\/uploads\/2019\/10\/favicon_poligloci.png\" width=\"32\" height=\"32\" title=\"How long does language learning take?\" alt=\"How long does language learning take?\">\n<p>Before we start training, we meet and determine both: your level of language knowledge through a written and oral test, as well as the mode of organization of classes and possible length of training to achieve the goal set on the basis of a methodical by the EU (6 levels of advanced a1, A2, B1, B2, C1, C2, implementation of each of them is a minimum of 120 lesson hours)<\/p>\n<p style=\"text-align: center;\">You can also reach your destination in small steps<\/p>\n<p>A dedicated coordinator will not only help you start the classes but also ensure that they take place smoothly and flexibly.<\/p>\n<a href=\"\/contact\" > Send inquiry <\/a>\n<h2>To complete one language level by attending:<\/h2>\n<img src=\"http:\/\/poligloci.edu.pl\/wp-content\/uploads\/2019\/10\/favicon_poligloci.png\" width=\"32\" height=\"32\" title=\"How long does language learning take?\" alt=\"How long does language learning take?\">\n<ul> <li>2 x 90 min. per week we need 30 weeks, so about 7 months<\/li> <li>3 x 90 min. a week we need 20 weeks, so about 5 months<\/li> <li>4 x 90 minutes per week we need 15 weeks, so about 4 months<\/li> <\/ul> <p>At a frequency of 4 x 90 minutes per week we can learn the language from beginner to proficiency level in less than 2 years and after just one year we will feel comfortable talking about general topics.<\/p>\n<h2>To complete one language level by attending:<\/h2>\n<img src=\"http:\/\/poligloci.edu.pl\/wp-content\/uploads\/2019\/10\/favicon_poligloci.png\" width=\"32\" height=\"32\" title=\"How long does language learning take?\" alt=\"How long does language learning take?\">\n<ul> <li>2 x 120 min. per week we need about 22 weeks, so about 5.5 months<\/li> <li>3 x 120 min. per week we need about 15 weeks, so about 3.5 months<\/li> <li>4 x 120 min. per week we need about 11 weeks, so about 2.5 months<\/li> <\/ul>\n<p>How long we want to learn depends on what we already know (and usually we covered some basics in the past) and what we want to know in the end, as well as how much time a week we can devote to our goal.<\/p>","_links":{"self":[{"href":"https:\/\/poligloci.edu.pl\/en\/wp-json\/wp\/v2\/pages\/288","targetHints":{"allow":["GET"]}}],"collection":[{"href":"https:\/\/poligloci.edu.pl\/en\/wp-json\/wp\/v2\/pages"}],"about":[{"href":"https:\/\/poligloci.edu.pl\/en\/wp-json\/wp\/v2\/types\/page"}],"author":[{"embeddable":true,"href":"https:\/\/poligloci.edu.pl\/en\/wp-json\/wp\/v2\/users\/1"}],"replies":[{"embeddable":true,"href":"https:\/\/poligloci.edu.pl\/en\/wp-json\/wp\/v2\/comments?post=288"}],"version-history":[{"count":0,"href":"https:\/\/poligloci.edu.pl\/en\/wp-json\/wp\/v2\/pages\/288\/revisions"}],"wp:attachment":[{"href":"https:\/\/poligloci.edu.pl\/en\/wp-json\/wp\/v2\/media?parent=288"}],"curies":[{"name":"wp","href":"https:\/\/api.w.org\/{rel}","templated":true}]}}