{"id":292,"date":"2019-10-15T08:42:50","date_gmt":"2019-10-15T06:42:50","guid":{"rendered":"http:\/\/poligloci.edu.pl\/wymagania-jezykowe\/"},"modified":"2020-01-31T09:16:42","modified_gmt":"2020-01-31T08:16:42","slug":"language-requirements","status":"publish","type":"page","link":"https:\/\/poligloci.edu.pl\/en\/language-requirements\/","title":{"rendered":"Language Requirements"},"content":{"rendered":"<!--themify_builder_content-->\n<div id=\"themify_builder_content-292\" data-postid=\"292\" class=\"themify_builder_content themify_builder_content-292 themify_builder tf_clear\">\n                    <div  data-lazy=\"1\" class=\"module_row themify_builder_row tb_wmc657 tb_first tf_w wow\" data-tf-animation=\"fadeIn\">\n                        <div class=\"row_inner col_align_top tb_col_count_2 tf_box tf_rel\">\n                        <div  data-lazy=\"1\" class=\"module_column tb-column col3-2 tb_faqb61 first\">\n                    <!-- module text -->\n<div  class=\"module module-text tb_z0ur62    wow\" data-tf-animation=\"fadeInDown\" data-tf-animation_delay=\".5\" data-lazy=\"1\">\n        <div  class=\"tb_text_wrap\">\n        <h1>Language requirements<\/h1>\n    <\/div>\n<\/div>\n<!-- \/module text --><!-- module image -->\n<div  class=\"module module-image tb_fgsi64 image-top  poligloci-div tf_mw wow\" data-tf-animation=\"fadeIn\" data-tf-animation_delay=\".6\" data-lazy=\"1\">\n        <div class=\"image-wrap tf_rel tf_mw\">\n            <img loading=\"lazy\" decoding=\"async\" src=\"http:\/\/poligloci.edu.pl\/wp-content\/uploads\/2019\/10\/favicon_poligloci.png\" width=\"32\" height=\"32\" title=\"Language Requirements\" alt=\"Language Requirements\">    \n        <\/div>\n    <!-- \/image-wrap -->\n    \n        <\/div>\n<!-- \/module image --><!-- module text -->\n<div  class=\"module module-text tb_tz3o65    wow\" data-tf-animation=\"fadeInDown\" data-tf-animation_delay=\"0.7\" data-lazy=\"1\">\n        <div  class=\"tb_text_wrap\">\n        <p><strong>KNOWLEDGE OF foreign language IN INDIVIDUAL PROFESSIONAL POSITIONS<\/strong><\/p>\n<ul>\n<li><strong>Manager, Project Leader, Senior Accountant, Physician (TOEIC \u2013 Over 900 pts, CEF \u2013 C2)<\/strong>: capable of representing the company, negotiating in English, evaluating information and making decisions on this basis, signing contracts with partners , for which English is the mother tongue.<\/li>\n<li><strong>Team Manager, Coordinator, Accountant, Customer Service Employee (TOEIC \u2013 850 Pts, CEF \u2013 C1)<\/strong>: Capable of representing the company during meetings, presentations, entering into standard contracts and free movement in the environment of English speaking.<\/li>\n<li><strong>A member of the design team (TOEIC \u2013 750 pts, CEF \u2013 B2)<\/strong>: can actively participate in meetings held entirely in English, capable of delivering short speeches.<\/li>\n<li><strong>Assistant, receptionist (TOEIC \u2013 650 pts, CEF \u2013 B1+)<\/strong>: an employee who attends meetings in English as a support of a speaker, capable of preparing notes.<\/li>\n<li><strong>Hostess, waitress, barmaid (TOEIC \u2013 550 pts, CEF \u2013 B1)<\/strong>: can function to a limited extent in an English-speaking environment. Activities are usually limited to providing simple information in person, by phone or email.<\/li>\n<\/ul>\n    <\/div>\n<\/div>\n<!-- \/module text -->        <\/div>\n                    <div  data-lazy=\"1\" class=\"module_column tb-column col3-1 tb_1nng66 last\">\n                            <\/div>\n                        <\/div>\n        <\/div>\n                        <div  data-css_id=\"y59s57\" data-lazy=\"1\" class=\"module_row themify_builder_row fullwidth_row_container tb_y59s57 tf_w wow\" data-tf-animation=\"fadeIn\">\n                        <div class=\"row_inner col_align_top tb_col_count_1 tf_box tf_rel\">\n                        <div  data-lazy=\"1\" class=\"module_column tb-column col-full tb_zy1o69 first\">\n                            <div  data-lazy=\"1\" class=\"module_subrow themify_builder_sub_row tf_w col_align_top tb_col_count_1 tb_tdaq73\">\n                <div  data-lazy=\"1\" class=\"module_column sub_column col-full tb_1z8w75 first\">\n                    <!-- module buttons -->\n<div  class=\"module module-buttons tb_108i76 buttons-horizontal outline  large circle\" data-lazy=\"1\">\n        <div class=\"module-buttons-item tf_in_flx\">\n                        <a href=\"\/contact\" class=\"ui builder_button tf_in_flx tb_default_color\" >\n                                                Contact Us                                        <\/a>\n                <\/div>\n            <\/div>\n<!-- \/module buttons -->\n        <\/div>\n                    <\/div>\n                <\/div>\n                        <\/div>\n        <\/div>\n        <\/div>\n<!--\/themify_builder_content-->","protected":false},"excerpt":{"rendered":"<p>Language requirements KNOWLEDGE OF foreign language IN INDIVIDUAL PROFESSIONAL POSITIONS Manager, Project Leader, Senior Accountant, Physician (TOEIC \u2013 Over 900 pts, CEF \u2013 C2): capable of representing the company, negotiating in English, evaluating information and making decisions on this basis, signing contracts with partners , for which English is the mother tongue. Team Manager, Coordinator, [&hellip;]<\/p>\n","protected":false},"author":1,"featured_media":0,"parent":0,"menu_order":16,"comment_status":"closed","ping_status":"closed","template":"","meta":{"footnotes":""},"class_list":["post-292","page","type-page","status-publish","hentry","has-post-title","has-post-date","has-post-category","has-post-tag","has-post-comment","has-post-author",""],"yoast_head":"<!-- This site is optimized with the Yoast SEO plugin v24.5 - https:\/\/yoast.com\/wordpress\/plugins\/seo\/ -->\n<title>Language Requirements - POLIGLOCI<\/title>\n<meta name=\"robots\" content=\"index, follow, max-snippet:-1, max-image-preview:large, max-video-preview:-1\" \/>\n<link rel=\"canonical\" href=\"https:\/\/poligloci.edu.pl\/en\/wymagania-jezykowe\/\" \/>\n<meta property=\"og:locale\" content=\"en_US\" \/>\n<meta property=\"og:type\" content=\"article\" \/>\n<meta property=\"og:title\" content=\"Language Requirements - POLIGLOCI\" \/>\n<meta property=\"og:description\" content=\"Language requirements KNOWLEDGE OF foreign language IN INDIVIDUAL PROFESSIONAL POSITIONS Manager, Project Leader, Senior Accountant, Physician (TOEIC \u2013 Over 900 pts, CEF \u2013 C2): capable of representing the company, negotiating in English, evaluating information and making decisions on this basis, signing contracts with partners , for which English is the mother tongue. Team Manager, Coordinator, [&hellip;]\" \/>\n<meta property=\"og:url\" content=\"https:\/\/poligloci.edu.pl\/wymagania-jezykowe\/\" \/>\n<meta property=\"og:site_name\" content=\"POLIGLOCI\" \/>\n<meta property=\"article:modified_time\" content=\"2020-01-31T08:16:42+00:00\" \/>\n<meta property=\"og:image\" content=\"https:\/\/poligloci.edu.pl\/wp-content\/uploads\/2019\/10\/favicon_poligloci.png\" \/>\n<meta name=\"twitter:card\" content=\"summary_large_image\" \/>\n<meta name=\"twitter:label1\" content=\"Est. reading time\" \/>\n\t<meta name=\"twitter:data1\" content=\"1 minute\" \/>\n<script type=\"application\/ld+json\" class=\"yoast-schema-graph\">{\"@context\":\"https:\/\/schema.org\",\"@graph\":[{\"@type\":\"WebPage\",\"@id\":\"https:\/\/poligloci.edu.pl\/wymagania-jezykowe\/\",\"url\":\"https:\/\/poligloci.edu.pl\/wymagania-jezykowe\/\",\"name\":\"Language Requirements - POLIGLOCI\",\"isPartOf\":{\"@id\":\"\/#website\"},\"primaryImageOfPage\":{\"@id\":\"https:\/\/poligloci.edu.pl\/wymagania-jezykowe\/#primaryimage\"},\"image\":{\"@id\":\"https:\/\/poligloci.edu.pl\/wymagania-jezykowe\/#primaryimage\"},\"thumbnailUrl\":\"https:\/\/poligloci.edu.pl\/wp-content\/uploads\/2019\/10\/favicon_poligloci.png\",\"datePublished\":\"2019-10-15T06:42:50+00:00\",\"dateModified\":\"2020-01-31T08:16:42+00:00\",\"breadcrumb\":{\"@id\":\"https:\/\/poligloci.edu.pl\/wymagania-jezykowe\/#breadcrumb\"},\"inLanguage\":\"en-US\",\"potentialAction\":[{\"@type\":\"ReadAction\",\"target\":[\"https:\/\/poligloci.edu.pl\/wymagania-jezykowe\/\"]}]},{\"@type\":\"ImageObject\",\"inLanguage\":\"en-US\",\"@id\":\"https:\/\/poligloci.edu.pl\/wymagania-jezykowe\/#primaryimage\",\"url\":\"https:\/\/poligloci.edu.pl\/wp-content\/uploads\/2019\/10\/favicon_poligloci.png\",\"contentUrl\":\"https:\/\/poligloci.edu.pl\/wp-content\/uploads\/2019\/10\/favicon_poligloci.png\"},{\"@type\":\"BreadcrumbList\",\"@id\":\"https:\/\/poligloci.edu.pl\/wymagania-jezykowe\/#breadcrumb\",\"itemListElement\":[{\"@type\":\"ListItem\",\"position\":1,\"name\":\"Strona g\u0142\u00f3wna\",\"item\":\"https:\/\/poligloci.edu.pl\/en\/\"},{\"@type\":\"ListItem\",\"position\":2,\"name\":\"Language Requirements\"}]},{\"@type\":\"WebSite\",\"@id\":\"\/#website\",\"url\":\"\/\",\"name\":\"POLIGLOCI\",\"description\":\"Centrum Szkole\u0144 J\u0119zykowych, Szko\u0142a j\u0119zykowa, kurs angielskiego Katowice\",\"potentialAction\":[{\"@type\":\"SearchAction\",\"target\":{\"@type\":\"EntryPoint\",\"urlTemplate\":\"\/?s={search_term_string}\"},\"query-input\":{\"@type\":\"PropertyValueSpecification\",\"valueRequired\":true,\"valueName\":\"search_term_string\"}}],\"inLanguage\":\"en-US\"}]}<\/script>\n<!-- \/ Yoast SEO plugin. -->","yoast_head_json":{"title":"Language Requirements - POLIGLOCI","robots":{"index":"index","follow":"follow","max-snippet":"max-snippet:-1","max-image-preview":"max-image-preview:large","max-video-preview":"max-video-preview:-1"},"canonical":"https:\/\/poligloci.edu.pl\/en\/wymagania-jezykowe\/","og_locale":"en_US","og_type":"article","og_title":"Language Requirements - POLIGLOCI","og_description":"Language requirements KNOWLEDGE OF foreign language IN INDIVIDUAL PROFESSIONAL POSITIONS Manager, Project Leader, Senior Accountant, Physician (TOEIC \u2013 Over 900 pts, CEF \u2013 C2): capable of representing the company, negotiating in English, evaluating information and making decisions on this basis, signing contracts with partners , for which English is the mother tongue. Team Manager, Coordinator, [&hellip;]","og_url":"https:\/\/poligloci.edu.pl\/wymagania-jezykowe\/","og_site_name":"POLIGLOCI","article_modified_time":"2020-01-31T08:16:42+00:00","og_image":[{"url":"https:\/\/poligloci.edu.pl\/wp-content\/uploads\/2019\/10\/favicon_poligloci.png","type":"","width":"","height":""}],"twitter_card":"summary_large_image","twitter_misc":{"Est. reading time":"1 minute"},"schema":{"@context":"https:\/\/schema.org","@graph":[{"@type":"WebPage","@id":"https:\/\/poligloci.edu.pl\/wymagania-jezykowe\/","url":"https:\/\/poligloci.edu.pl\/wymagania-jezykowe\/","name":"Language Requirements - POLIGLOCI","isPartOf":{"@id":"\/#website"},"primaryImageOfPage":{"@id":"https:\/\/poligloci.edu.pl\/wymagania-jezykowe\/#primaryimage"},"image":{"@id":"https:\/\/poligloci.edu.pl\/wymagania-jezykowe\/#primaryimage"},"thumbnailUrl":"https:\/\/poligloci.edu.pl\/wp-content\/uploads\/2019\/10\/favicon_poligloci.png","datePublished":"2019-10-15T06:42:50+00:00","dateModified":"2020-01-31T08:16:42+00:00","breadcrumb":{"@id":"https:\/\/poligloci.edu.pl\/wymagania-jezykowe\/#breadcrumb"},"inLanguage":"en-US","potentialAction":[{"@type":"ReadAction","target":["https:\/\/poligloci.edu.pl\/wymagania-jezykowe\/"]}]},{"@type":"ImageObject","inLanguage":"en-US","@id":"https:\/\/poligloci.edu.pl\/wymagania-jezykowe\/#primaryimage","url":"https:\/\/poligloci.edu.pl\/wp-content\/uploads\/2019\/10\/favicon_poligloci.png","contentUrl":"https:\/\/poligloci.edu.pl\/wp-content\/uploads\/2019\/10\/favicon_poligloci.png"},{"@type":"BreadcrumbList","@id":"https:\/\/poligloci.edu.pl\/wymagania-jezykowe\/#breadcrumb","itemListElement":[{"@type":"ListItem","position":1,"name":"Strona g\u0142\u00f3wna","item":"https:\/\/poligloci.edu.pl\/en\/"},{"@type":"ListItem","position":2,"name":"Language Requirements"}]},{"@type":"WebSite","@id":"\/#website","url":"\/","name":"POLIGLOCI","description":"Centrum Szkole\u0144 J\u0119zykowych, Szko\u0142a j\u0119zykowa, kurs angielskiego Katowice","potentialAction":[{"@type":"SearchAction","target":{"@type":"EntryPoint","urlTemplate":"\/?s={search_term_string}"},"query-input":{"@type":"PropertyValueSpecification","valueRequired":true,"valueName":"search_term_string"}}],"inLanguage":"en-US"}]}},"builder_content":"<h1>Language requirements<\/h1>\n<img src=\"http:\/\/poligloci.edu.pl\/wp-content\/uploads\/2019\/10\/favicon_poligloci.png\" width=\"32\" height=\"32\" title=\"Language Requirements\" alt=\"Language Requirements\">\n<p><strong>KNOWLEDGE OF foreign language IN INDIVIDUAL PROFESSIONAL POSITIONS<\/strong><\/p> <ul> <li><strong>Manager, Project Leader, Senior Accountant, Physician (TOEIC \u2013 Over 900 pts, CEF \u2013 C2)<\/strong>: capable of representing the company, negotiating in English, evaluating information and making decisions on this basis, signing contracts with partners , for which English is the mother tongue.<\/li> <li><strong>Team Manager, Coordinator, Accountant, Customer Service Employee (TOEIC \u2013 850 Pts, CEF \u2013 C1)<\/strong>: Capable of representing the company during meetings, presentations, entering into standard contracts and free movement in the environment of English speaking.<\/li> <li><strong>A member of the design team (TOEIC \u2013 750 pts, CEF \u2013 B2)<\/strong>: can actively participate in meetings held entirely in English, capable of delivering short speeches.<\/li> <li><strong>Assistant, receptionist (TOEIC \u2013 650 pts, CEF \u2013 B1+)<\/strong>: an employee who attends meetings in English as a support of a speaker, capable of preparing notes.<\/li> <li><strong>Hostess, waitress, barmaid (TOEIC \u2013 550 pts, CEF \u2013 B1)<\/strong>: can function to a limited extent in an English-speaking environment. Activities are usually limited to providing simple information in person, by phone or email.<\/li> <\/ul>\n<a href=\"\/contact\" > Contact Us <\/a>","_links":{"self":[{"href":"https:\/\/poligloci.edu.pl\/en\/wp-json\/wp\/v2\/pages\/292","targetHints":{"allow":["GET"]}}],"collection":[{"href":"https:\/\/poligloci.edu.pl\/en\/wp-json\/wp\/v2\/pages"}],"about":[{"href":"https:\/\/poligloci.edu.pl\/en\/wp-json\/wp\/v2\/types\/page"}],"author":[{"embeddable":true,"href":"https:\/\/poligloci.edu.pl\/en\/wp-json\/wp\/v2\/users\/1"}],"replies":[{"embeddable":true,"href":"https:\/\/poligloci.edu.pl\/en\/wp-json\/wp\/v2\/comments?post=292"}],"version-history":[{"count":0,"href":"https:\/\/poligloci.edu.pl\/en\/wp-json\/wp\/v2\/pages\/292\/revisions"}],"wp:attachment":[{"href":"https:\/\/poligloci.edu.pl\/en\/wp-json\/wp\/v2\/media?parent=292"}],"curies":[{"name":"wp","href":"https:\/\/api.w.org\/{rel}","templated":true}]}}