{"id":294,"date":"2019-10-14T20:49:01","date_gmt":"2019-10-14T18:49:01","guid":{"rendered":"http:\/\/poligloci.edu.pl\/tlumaczenia\/"},"modified":"2019-12-13T18:15:52","modified_gmt":"2019-12-13T17:15:52","slug":"translation-services","status":"publish","type":"page","link":"https:\/\/poligloci.edu.pl\/en\/translation-services\/","title":{"rendered":"Translation Services"},"content":{"rendered":"<!--themify_builder_content-->\n<div id=\"themify_builder_content-294\" data-postid=\"294\" class=\"themify_builder_content themify_builder_content-294 themify_builder tf_clear\">\n                    <div  data-lazy=\"1\" class=\"module_row themify_builder_row tb_tvi8285 tb_first tf_w wow\" data-tf-animation=\"fadeIn\">\n                        <div class=\"row_inner col_align_top tb_col_count_2 tf_box tf_rel\">\n                        <div  data-lazy=\"1\" class=\"module_column tb-column col4-2 tb_phi7289 first\">\n                    <!-- module text -->\n<div  class=\"module module-text tb_nxrr294    wow\" data-tf-animation=\"fadeInDown\" data-tf-animation_delay=\".5\" data-lazy=\"1\">\n        <div  class=\"tb_text_wrap\">\n        <h1>Translation Services<\/h1>\n    <\/div>\n<\/div>\n<!-- \/module text --><!-- module image -->\n<div  class=\"module module-image tb_vn22297 image-top  poligloci-div tf_mw wow\" data-tf-animation=\"fadeIn\" data-tf-animation_delay=\".6\" data-lazy=\"1\">\n        <div class=\"image-wrap tf_rel tf_mw\">\n            <img loading=\"lazy\" decoding=\"async\" src=\"http:\/\/poligloci.edu.pl\/wp-content\/uploads\/2019\/10\/favicon_poligloci.png\" width=\"32\" height=\"32\" title=\"Translation Services\" alt=\"Translation Services\">    \n        <\/div>\n    <!-- \/image-wrap -->\n    \n        <\/div>\n<!-- \/module image --><!-- module text -->\n<div  class=\"module module-text tb_q3hk298    wow\" data-tf-animation=\"fadeInDown\" data-tf-animation_delay=\"0.7\" data-lazy=\"1\">\n        <div  class=\"tb_text_wrap\">\n        <p>Although since the very beginning we have focused on individual and corporate language courses, today one of the additional services provided by the Poligloci centre is also translation.<\/p>\n    <\/div>\n<\/div>\n<!-- \/module text -->        <\/div>\n                    <div  data-lazy=\"1\" class=\"module_column tb-column col4-2 tb_mmfu299 last\">\n                            <\/div>\n                        <\/div>\n        <\/div>\n                        <div  data-css_id=\"5p7y181\" data-lazy=\"1\" class=\"module_row themify_builder_row fullwidth_row_container tb_5p7y181 tf_w wow\" data-tf-animation=\"fadeIn\">\n                        <div class=\"row_inner col_align_top tb_col_count_1 tf_box tf_rel\">\n                        <div  data-lazy=\"1\" class=\"module_column tb-column col-full tb_ckoc191 first\">\n                            <div  data-lazy=\"1\" class=\"module_subrow themify_builder_sub_row tf_w col_align_top tb_col_count_1 tb_1l95195\">\n                <div  data-lazy=\"1\" class=\"module_column sub_column col-full tb_depg199 first\">\n                    <!-- module text -->\n<div  class=\"module module-text tb_cqxr202    wow\" data-tf-animation=\"fadeIn\" data-lazy=\"1\">\n        <div  class=\"tb_text_wrap\">\n        <p style=\"text-align: center;\">Each translation project is priced individually. <\/p>\n    <\/div>\n<\/div>\n<!-- \/module text --><!-- module buttons -->\n<div  class=\"module module-buttons tb_rqpu204 buttons-horizontal outline  large circle\" data-lazy=\"1\">\n        <div class=\"module-buttons-item tf_in_flx\">\n                        <a href=\"\/contact\" class=\"ui builder_button tf_in_flx tb_default_color\" >\n                                                Send inquiry                                        <\/a>\n                <\/div>\n            <\/div>\n<!-- \/module buttons -->\n        <\/div>\n                    <\/div>\n                <\/div>\n                        <\/div>\n        <\/div>\n                        <div  data-lazy=\"1\" class=\"module_row themify_builder_row tb_uf6j286 tf_w\">\n                        <div class=\"row_inner col_align_top tb_col_count_1 tf_box tf_rel\">\n                        <div  data-lazy=\"1\" class=\"module_column tb-column col-full tb_3qim310 first\">\n                    <!-- module text -->\n<div  class=\"module module-text tb_5g4b311    wow\" data-tf-animation=\"fadeInDown\" data-tf-animation_delay=\".5\" data-lazy=\"1\">\n        <div  class=\"tb_text_wrap\">\n        <h2>Professional translations for various purposes<\/h2>\n    <\/div>\n<\/div>\n<!-- \/module text --><!-- module image -->\n<div  class=\"module module-image tb_4we8312 image-top  poligloci-div tf_mw\" data-lazy=\"1\">\n        <div class=\"image-wrap tf_rel tf_mw\">\n            <img loading=\"lazy\" decoding=\"async\" src=\"http:\/\/poligloci.edu.pl\/wp-content\/uploads\/2019\/10\/favicon_poligloci.png\" width=\"32\" height=\"32\" title=\"Translation Services\" alt=\"Translation Services\">    \n        <\/div>\n    <!-- \/image-wrap -->\n    \n        <\/div>\n<!-- \/module image --><!-- module text -->\n<div  class=\"module module-text tb_pqkj313    wow\" data-tf-animation=\"fadeInDown\" data-tf-animation_delay=\"0.7\" data-lazy=\"1\">\n        <div  class=\"tb_text_wrap\">\n        <p>We offer translation and interpretation services, whether specialized, ordinary or sworn in character. The languages we speak freely are English, German, French, Spanish, Italian, Czech and Russian. We translate &#8220;from&#8221; and &#8220;into&#8221; the indicated languages.<\/p>\n    <\/div>\n<\/div>\n<!-- \/module text -->        <\/div>\n                        <\/div>\n        <\/div>\n        <\/div>\n<!--\/themify_builder_content-->","protected":false},"excerpt":{"rendered":"<p>Translation Services Although since the very beginning we have focused on individual and corporate language courses, today one of the additional services provided by the Poligloci centre is also translation. Each translation project is priced individually. Send inquiry Professional translations for various purposes We offer translation and interpretation services, whether specialized, ordinary or sworn in [&hellip;]<\/p>\n","protected":false},"author":1,"featured_media":0,"parent":0,"menu_order":8,"comment_status":"closed","ping_status":"closed","template":"","meta":{"footnotes":""},"class_list":["post-294","page","type-page","status-publish","hentry","has-post-title","has-post-date","has-post-category","has-post-tag","has-post-comment","has-post-author",""],"yoast_head":"<!-- This site is optimized with the Yoast SEO plugin v24.5 - https:\/\/yoast.com\/wordpress\/plugins\/seo\/ -->\n<title>Translation Services - POLIGLOCI<\/title>\n<meta name=\"description\" content=\"Po za kursami j\u0119zykowymi indywidualnymi i dla firm, jedn\u0105 z dodatkowych us\u0142ug \u015bwiadczonych przez centrum Poligloci s\u0105 r\u00f3wnie\u017c t\u0142umaczenia.\" \/>\n<meta name=\"robots\" content=\"index, follow, max-snippet:-1, max-image-preview:large, max-video-preview:-1\" \/>\n<link rel=\"canonical\" href=\"https:\/\/poligloci.edu.pl\/en\/tlumaczenia\/\" \/>\n<meta property=\"og:locale\" content=\"en_US\" \/>\n<meta property=\"og:type\" content=\"article\" \/>\n<meta property=\"og:title\" content=\"Translation Services - POLIGLOCI\" \/>\n<meta property=\"og:description\" content=\"Po za kursami j\u0119zykowymi indywidualnymi i dla firm, jedn\u0105 z dodatkowych us\u0142ug \u015bwiadczonych przez centrum Poligloci s\u0105 r\u00f3wnie\u017c t\u0142umaczenia.\" \/>\n<meta property=\"og:url\" content=\"https:\/\/poligloci.edu.pl\/tlumaczenia\/\" \/>\n<meta property=\"og:site_name\" content=\"POLIGLOCI\" \/>\n<meta property=\"article:modified_time\" content=\"2019-12-13T17:15:52+00:00\" \/>\n<meta property=\"og:image\" content=\"https:\/\/poligloci.edu.pl\/wp-content\/uploads\/2019\/10\/favicon_poligloci.png\" \/>\n<meta name=\"twitter:card\" content=\"summary_large_image\" \/>\n<script type=\"application\/ld+json\" class=\"yoast-schema-graph\">{\"@context\":\"https:\/\/schema.org\",\"@graph\":[{\"@type\":\"WebPage\",\"@id\":\"https:\/\/poligloci.edu.pl\/tlumaczenia\/\",\"url\":\"https:\/\/poligloci.edu.pl\/tlumaczenia\/\",\"name\":\"Translation Services - POLIGLOCI\",\"isPartOf\":{\"@id\":\"\/#website\"},\"primaryImageOfPage\":{\"@id\":\"https:\/\/poligloci.edu.pl\/tlumaczenia\/#primaryimage\"},\"image\":{\"@id\":\"https:\/\/poligloci.edu.pl\/tlumaczenia\/#primaryimage\"},\"thumbnailUrl\":\"https:\/\/poligloci.edu.pl\/wp-content\/uploads\/2019\/10\/favicon_poligloci.png\",\"datePublished\":\"2019-10-14T18:49:01+00:00\",\"dateModified\":\"2019-12-13T17:15:52+00:00\",\"description\":\"Po za kursami j\u0119zykowymi indywidualnymi i dla firm, jedn\u0105 z dodatkowych us\u0142ug \u015bwiadczonych przez centrum Poligloci s\u0105 r\u00f3wnie\u017c t\u0142umaczenia.\",\"breadcrumb\":{\"@id\":\"https:\/\/poligloci.edu.pl\/tlumaczenia\/#breadcrumb\"},\"inLanguage\":\"en-US\",\"potentialAction\":[{\"@type\":\"ReadAction\",\"target\":[\"https:\/\/poligloci.edu.pl\/tlumaczenia\/\"]}]},{\"@type\":\"ImageObject\",\"inLanguage\":\"en-US\",\"@id\":\"https:\/\/poligloci.edu.pl\/tlumaczenia\/#primaryimage\",\"url\":\"https:\/\/poligloci.edu.pl\/wp-content\/uploads\/2019\/10\/favicon_poligloci.png\",\"contentUrl\":\"https:\/\/poligloci.edu.pl\/wp-content\/uploads\/2019\/10\/favicon_poligloci.png\"},{\"@type\":\"BreadcrumbList\",\"@id\":\"https:\/\/poligloci.edu.pl\/tlumaczenia\/#breadcrumb\",\"itemListElement\":[{\"@type\":\"ListItem\",\"position\":1,\"name\":\"Strona g\u0142\u00f3wna\",\"item\":\"https:\/\/poligloci.edu.pl\/en\/\"},{\"@type\":\"ListItem\",\"position\":2,\"name\":\"Translation Services\"}]},{\"@type\":\"WebSite\",\"@id\":\"\/#website\",\"url\":\"\/\",\"name\":\"POLIGLOCI\",\"description\":\"Centrum Szkole\u0144 J\u0119zykowych, Szko\u0142a j\u0119zykowa, kurs angielskiego Katowice\",\"potentialAction\":[{\"@type\":\"SearchAction\",\"target\":{\"@type\":\"EntryPoint\",\"urlTemplate\":\"\/?s={search_term_string}\"},\"query-input\":{\"@type\":\"PropertyValueSpecification\",\"valueRequired\":true,\"valueName\":\"search_term_string\"}}],\"inLanguage\":\"en-US\"}]}<\/script>\n<!-- \/ Yoast SEO plugin. -->","yoast_head_json":{"title":"Translation Services - POLIGLOCI","description":"Po za kursami j\u0119zykowymi indywidualnymi i dla firm, jedn\u0105 z dodatkowych us\u0142ug \u015bwiadczonych przez centrum Poligloci s\u0105 r\u00f3wnie\u017c t\u0142umaczenia.","robots":{"index":"index","follow":"follow","max-snippet":"max-snippet:-1","max-image-preview":"max-image-preview:large","max-video-preview":"max-video-preview:-1"},"canonical":"https:\/\/poligloci.edu.pl\/en\/tlumaczenia\/","og_locale":"en_US","og_type":"article","og_title":"Translation Services - POLIGLOCI","og_description":"Po za kursami j\u0119zykowymi indywidualnymi i dla firm, jedn\u0105 z dodatkowych us\u0142ug \u015bwiadczonych przez centrum Poligloci s\u0105 r\u00f3wnie\u017c t\u0142umaczenia.","og_url":"https:\/\/poligloci.edu.pl\/tlumaczenia\/","og_site_name":"POLIGLOCI","article_modified_time":"2019-12-13T17:15:52+00:00","og_image":[{"url":"https:\/\/poligloci.edu.pl\/wp-content\/uploads\/2019\/10\/favicon_poligloci.png","type":"","width":"","height":""}],"twitter_card":"summary_large_image","schema":{"@context":"https:\/\/schema.org","@graph":[{"@type":"WebPage","@id":"https:\/\/poligloci.edu.pl\/tlumaczenia\/","url":"https:\/\/poligloci.edu.pl\/tlumaczenia\/","name":"Translation Services - POLIGLOCI","isPartOf":{"@id":"\/#website"},"primaryImageOfPage":{"@id":"https:\/\/poligloci.edu.pl\/tlumaczenia\/#primaryimage"},"image":{"@id":"https:\/\/poligloci.edu.pl\/tlumaczenia\/#primaryimage"},"thumbnailUrl":"https:\/\/poligloci.edu.pl\/wp-content\/uploads\/2019\/10\/favicon_poligloci.png","datePublished":"2019-10-14T18:49:01+00:00","dateModified":"2019-12-13T17:15:52+00:00","description":"Po za kursami j\u0119zykowymi indywidualnymi i dla firm, jedn\u0105 z dodatkowych us\u0142ug \u015bwiadczonych przez centrum Poligloci s\u0105 r\u00f3wnie\u017c t\u0142umaczenia.","breadcrumb":{"@id":"https:\/\/poligloci.edu.pl\/tlumaczenia\/#breadcrumb"},"inLanguage":"en-US","potentialAction":[{"@type":"ReadAction","target":["https:\/\/poligloci.edu.pl\/tlumaczenia\/"]}]},{"@type":"ImageObject","inLanguage":"en-US","@id":"https:\/\/poligloci.edu.pl\/tlumaczenia\/#primaryimage","url":"https:\/\/poligloci.edu.pl\/wp-content\/uploads\/2019\/10\/favicon_poligloci.png","contentUrl":"https:\/\/poligloci.edu.pl\/wp-content\/uploads\/2019\/10\/favicon_poligloci.png"},{"@type":"BreadcrumbList","@id":"https:\/\/poligloci.edu.pl\/tlumaczenia\/#breadcrumb","itemListElement":[{"@type":"ListItem","position":1,"name":"Strona g\u0142\u00f3wna","item":"https:\/\/poligloci.edu.pl\/en\/"},{"@type":"ListItem","position":2,"name":"Translation Services"}]},{"@type":"WebSite","@id":"\/#website","url":"\/","name":"POLIGLOCI","description":"Centrum Szkole\u0144 J\u0119zykowych, Szko\u0142a j\u0119zykowa, kurs angielskiego Katowice","potentialAction":[{"@type":"SearchAction","target":{"@type":"EntryPoint","urlTemplate":"\/?s={search_term_string}"},"query-input":{"@type":"PropertyValueSpecification","valueRequired":true,"valueName":"search_term_string"}}],"inLanguage":"en-US"}]}},"builder_content":"<h1>Translation Services<\/h1>\n<img src=\"http:\/\/poligloci.edu.pl\/wp-content\/uploads\/2019\/10\/favicon_poligloci.png\" width=\"32\" height=\"32\" title=\"Translation Services\" alt=\"Translation Services\">\n<p>Although since the very beginning we have focused on individual and corporate language courses, today one of the additional services provided by the Poligloci centre is also translation.<\/p>\n<p style=\"text-align: center;\">Each translation project is priced individually. <\/p>\n<a href=\"\/contact\" > Send inquiry <\/a>\n<h2>Professional translations for various purposes<\/h2>\n<img src=\"http:\/\/poligloci.edu.pl\/wp-content\/uploads\/2019\/10\/favicon_poligloci.png\" width=\"32\" height=\"32\" title=\"Translation Services\" alt=\"Translation Services\">\n<p>We offer translation and interpretation services, whether specialized, ordinary or sworn in character. The languages we speak freely are English, German, French, Spanish, Italian, Czech and Russian. We translate \"from\" and \"into\" the indicated languages.<\/p>","_links":{"self":[{"href":"https:\/\/poligloci.edu.pl\/en\/wp-json\/wp\/v2\/pages\/294","targetHints":{"allow":["GET"]}}],"collection":[{"href":"https:\/\/poligloci.edu.pl\/en\/wp-json\/wp\/v2\/pages"}],"about":[{"href":"https:\/\/poligloci.edu.pl\/en\/wp-json\/wp\/v2\/types\/page"}],"author":[{"embeddable":true,"href":"https:\/\/poligloci.edu.pl\/en\/wp-json\/wp\/v2\/users\/1"}],"replies":[{"embeddable":true,"href":"https:\/\/poligloci.edu.pl\/en\/wp-json\/wp\/v2\/comments?post=294"}],"version-history":[{"count":0,"href":"https:\/\/poligloci.edu.pl\/en\/wp-json\/wp\/v2\/pages\/294\/revisions"}],"wp:attachment":[{"href":"https:\/\/poligloci.edu.pl\/en\/wp-json\/wp\/v2\/media?parent=294"}],"curies":[{"name":"wp","href":"https:\/\/api.w.org\/{rel}","templated":true}]}}