{"id":297,"date":"2019-10-14T20:49:32","date_gmt":"2019-10-14T18:49:32","guid":{"rendered":"http:\/\/poligloci.edu.pl\/test-jezykowy\/"},"modified":"2020-01-31T09:18:55","modified_gmt":"2020-01-31T08:18:55","slug":"language-test","status":"publish","type":"page","link":"https:\/\/poligloci.edu.pl\/en\/language-test\/","title":{"rendered":"Language Test"},"content":{"rendered":"<!--themify_builder_content-->\n<div id=\"themify_builder_content-297\" data-postid=\"297\" class=\"themify_builder_content themify_builder_content-297 themify_builder tf_clear\">\n                    <div  data-lazy=\"1\" class=\"module_row themify_builder_row tb_pcta177 tb_first tf_w wow\" data-tf-animation=\"fadeIn\">\n                        <div class=\"row_inner col_align_top tb_col_count_2 tf_box tf_rel\">\n                        <div  data-lazy=\"1\" class=\"module_column tb-column col4-2 tb_xe97181 first\">\n                    <!-- module text -->\n<div  class=\"module module-text tb_6a5w183    wow\" data-tf-animation=\"fadeInDown\" data-tf-animation_delay=\".5\" data-lazy=\"1\">\n        <div  class=\"tb_text_wrap\">\n        <h1>Language Test<\/h1>\n    <\/div>\n<\/div>\n<!-- \/module text --><!-- module image -->\n<div  class=\"module module-image tb_gln3186 image-top  poligloci-div tf_mw wow\" data-tf-animation=\"fadeIn\" data-tf-animation_delay=\".6\" data-lazy=\"1\">\n        <div class=\"image-wrap tf_rel tf_mw\">\n            <img loading=\"lazy\" decoding=\"async\" src=\"http:\/\/poligloci.edu.pl\/wp-content\/uploads\/2019\/10\/favicon_poligloci.png\" width=\"32\" height=\"32\" title=\"Language Test\" alt=\"Language Test\">    \n        <\/div>\n    <!-- \/image-wrap -->\n    \n        <\/div>\n<!-- \/module image --><!-- module text -->\n<div  class=\"module module-text tb_7ahy188    wow\" data-tf-animation=\"fadeInDown\" data-tf-animation_delay=\"0.7\" data-lazy=\"1\">\n        <div  class=\"tb_text_wrap\">\n        <p>Are you thinking about a language course? Great! Therefore, we invite you to take a placement test. What for?<\/p>\n    <\/div>\n<\/div>\n<!-- \/module text -->        <\/div>\n                    <div  data-lazy=\"1\" class=\"module_column tb-column col4-2 tb_f9z2190 last\">\n                            <\/div>\n                        <\/div>\n        <\/div>\n                        <div  data-css_id=\"ot95178\" data-lazy=\"1\" class=\"module_row themify_builder_row fullwidth_row_container tb_ot95178 tf_w wow\" data-tf-animation=\"fadeIn\">\n                        <div class=\"row_inner col_align_top tb_col_count_1 tf_box tf_rel\">\n                        <div  data-lazy=\"1\" class=\"module_column tb-column col-full tb_1pzq196 first\">\n                            <div  data-lazy=\"1\" class=\"module_subrow themify_builder_sub_row tf_w col_align_top tb_col_count_1 tb_05qy202\">\n                <div  data-lazy=\"1\" class=\"module_column sub_column col-full tb_gyk3209 first\">\n                    <!-- module buttons -->\n<div  class=\"module module-buttons tb_cod212 buttons-horizontal outline  large circle\" data-lazy=\"1\">\n        <div class=\"module-buttons-item tf_in_flx\">\n                        <a href=\"http:\/\/poligloci.edu.pl\/eforms\/jezyk-angielski-test-poziomujacy\/52\/\" class=\"ui builder_button tf_in_flx tb_default_color\" target=\"_blank\" rel=\"noopener\">\n                                                Start the English test                                        <\/a>\n                <\/div>\n                    <div class=\"module-buttons-item tf_in_flx\">\n                        <a href=\"http:\/\/poligloci.edu.pl\/eforms\/jezyk-niemiecki-test-poziomujacy\/53\/\" class=\"ui builder_button tf_in_flx tb_default_color\" target=\"_blank\" rel=\"noopener\">\n                                                Start the German test                                        <\/a>\n                <\/div>\n            <\/div>\n<!-- \/module buttons -->\n<!-- module text -->\n<div  class=\"module module-text tb_8vew688   \" data-lazy=\"1\">\n        <div  class=\"tb_text_wrap\">\n        <p style=\"text-align: center;\">We encourage you to take the language test after the course to check your progress!<\/p>    <\/div>\n<\/div>\n<!-- \/module text -->        <\/div>\n                    <\/div>\n                <\/div>\n                        <\/div>\n        <\/div>\n                        <div  data-lazy=\"1\" class=\"module_row themify_builder_row tb_2u8u178 tf_w\">\n                        <div class=\"row_inner col_align_top tb_col_count_2 tf_box tf_rel\">\n                        <div  data-lazy=\"1\" class=\"module_column tb-column col4-2 tb_0s9s215 first\">\n                    <!-- module text -->\n<div  class=\"module module-text tb_sd64217    wow\" data-tf-animation=\"fadeInDown\" data-tf-animation_delay=\".5\" data-lazy=\"1\">\n        <div  class=\"tb_text_wrap\">\n        <h2>Why is the language test worth taking?<\/h2>\n    <\/div>\n<\/div>\n<!-- \/module text --><!-- module image -->\n<div  class=\"module module-image tb_hclb218 image-top  poligloci-div tf_mw\" data-lazy=\"1\">\n        <div class=\"image-wrap tf_rel tf_mw\">\n            <img loading=\"lazy\" decoding=\"async\" src=\"http:\/\/poligloci.edu.pl\/wp-content\/uploads\/2019\/10\/favicon_poligloci.png\" width=\"32\" height=\"32\" title=\"Language Test\" alt=\"Language Test\">    \n        <\/div>\n    <!-- \/image-wrap -->\n    \n        <\/div>\n<!-- \/module image --><!-- module text -->\n<div  class=\"module module-text tb_q75c220    wow\" data-tf-animation=\"fadeInDown\" data-tf-animation_delay=\"0.7\" data-lazy=\"1\">\n        <div  class=\"tb_text_wrap\">\n        <p>First of all, for your own awareness and assessment of your current level of language skills. Secondly, the language test will allow us to offer you a course that best suits your needs, to define the content of the classes, the mode and manner of their organization, as well as materials and methodological tools. Thirdly, the test is also a good way of learning, so you can treat it as an introduction to the first lesson.<\/p>\n    <\/div>\n<\/div>\n<!-- \/module text -->        <\/div>\n                    <div  data-lazy=\"1\" class=\"module_column tb-column col4-2 tb_lpr0220 last\">\n                    <!-- module text -->\n<div  class=\"module module-text tb_j78s222    wow\" data-tf-animation=\"fadeInDown\" data-tf-animation_delay=\".5\" data-lazy=\"1\">\n        <div  class=\"tb_text_wrap\">\n        <h2>How does the language test work?<\/h2>\n    <\/div>\n<\/div>\n<!-- \/module text --><!-- module image -->\n<div  class=\"module module-image tb_d5d0222 image-top  poligloci-div tf_mw\" data-lazy=\"1\">\n        <div class=\"image-wrap tf_rel tf_mw\">\n            <img loading=\"lazy\" decoding=\"async\" src=\"http:\/\/poligloci.edu.pl\/wp-content\/uploads\/2019\/10\/favicon_poligloci.png\" width=\"32\" height=\"32\" title=\"Language Test\" alt=\"Language Test\">    \n        <\/div>\n    <!-- \/image-wrap -->\n    \n        <\/div>\n<!-- \/module image --><!-- module text -->\n<div  class=\"module module-text tb_hp1k225    wow\" data-tf-animation=\"fadeInDown\" data-tf-animation_delay=\"0.7\" data-lazy=\"1\">\n        <div  class=\"tb_text_wrap\">\n        <p>On the website you will find free placement tests in English and German. The test consists of 50 questions. There are four options for each question, only one of which contains the correct answer. Once the test has been completed, the result will be sent to the e-mail address indicated above in the form of the number of points obtained and the level of foreign language proficiency achieved on the EU scale.<\/p>\n    <\/div>\n<\/div>\n<!-- \/module text -->        <\/div>\n                        <\/div>\n        <\/div>\n        <\/div>\n<!--\/themify_builder_content-->","protected":false},"excerpt":{"rendered":"<p>Language Test Are you thinking about a language course? Great! Therefore, we invite you to take a placement test. What for? Start the English test Start the German test We encourage you to take the language test after the course to check your progress! Why is the language test worth taking? First of all, for [&hellip;]<\/p>\n","protected":false},"author":1,"featured_media":0,"parent":0,"menu_order":7,"comment_status":"closed","ping_status":"closed","template":"","meta":{"footnotes":""},"class_list":["post-297","page","type-page","status-publish","hentry","has-post-title","has-post-date","has-post-category","has-post-tag","has-post-comment","has-post-author",""],"yoast_head":"<!-- This site is optimized with the Yoast SEO plugin v24.5 - https:\/\/yoast.com\/wordpress\/plugins\/seo\/ -->\n<title>Language Test - POLIGLOCI<\/title>\n<meta name=\"description\" content=\"Zastanawiasz si\u0119 nad kursem j\u0119zykowym? \u015awietnie! W zwi\u0105zku z tym zapraszamy do rozwi\u0105zania testu j\u0119zykowego poziomuj\u0105cego. Rozwi\u0105\u017c test j\u0119zykowy ju\u017c dzi\u015b.\" \/>\n<meta name=\"robots\" content=\"index, follow, max-snippet:-1, max-image-preview:large, max-video-preview:-1\" \/>\n<link rel=\"canonical\" href=\"https:\/\/poligloci.edu.pl\/en\/language-test\/\" \/>\n<meta property=\"og:locale\" content=\"en_US\" \/>\n<meta property=\"og:type\" content=\"article\" \/>\n<meta property=\"og:title\" content=\"Language Test - POLIGLOCI\" \/>\n<meta property=\"og:description\" content=\"Zastanawiasz si\u0119 nad kursem j\u0119zykowym? \u015awietnie! W zwi\u0105zku z tym zapraszamy do rozwi\u0105zania testu j\u0119zykowego poziomuj\u0105cego. Rozwi\u0105\u017c test j\u0119zykowy ju\u017c dzi\u015b.\" \/>\n<meta property=\"og:url\" content=\"https:\/\/poligloci.edu.pl\/en\/language-test\/\" \/>\n<meta property=\"og:site_name\" content=\"POLIGLOCI\" \/>\n<meta property=\"article:modified_time\" content=\"2020-01-31T08:18:55+00:00\" \/>\n<meta property=\"og:image\" content=\"https:\/\/poligloci.edu.pl\/wp-content\/uploads\/2019\/10\/favicon_poligloci.png\" \/>\n<meta name=\"twitter:card\" content=\"summary_large_image\" \/>\n<meta name=\"twitter:label1\" content=\"Est. reading time\" \/>\n\t<meta name=\"twitter:data1\" content=\"1 minute\" \/>\n<script type=\"application\/ld+json\" class=\"yoast-schema-graph\">{\"@context\":\"https:\/\/schema.org\",\"@graph\":[{\"@type\":\"WebPage\",\"@id\":\"https:\/\/poligloci.edu.pl\/en\/language-test\/\",\"url\":\"https:\/\/poligloci.edu.pl\/en\/language-test\/\",\"name\":\"Language Test - POLIGLOCI\",\"isPartOf\":{\"@id\":\"\/#website\"},\"primaryImageOfPage\":{\"@id\":\"https:\/\/poligloci.edu.pl\/en\/language-test\/#primaryimage\"},\"image\":{\"@id\":\"https:\/\/poligloci.edu.pl\/en\/language-test\/#primaryimage\"},\"thumbnailUrl\":\"https:\/\/poligloci.edu.pl\/wp-content\/uploads\/2019\/10\/favicon_poligloci.png\",\"datePublished\":\"2019-10-14T18:49:32+00:00\",\"dateModified\":\"2020-01-31T08:18:55+00:00\",\"description\":\"Zastanawiasz si\u0119 nad kursem j\u0119zykowym? \u015awietnie! W zwi\u0105zku z tym zapraszamy do rozwi\u0105zania testu j\u0119zykowego poziomuj\u0105cego. Rozwi\u0105\u017c test j\u0119zykowy ju\u017c dzi\u015b.\",\"breadcrumb\":{\"@id\":\"https:\/\/poligloci.edu.pl\/en\/language-test\/#breadcrumb\"},\"inLanguage\":\"en-US\",\"potentialAction\":[{\"@type\":\"ReadAction\",\"target\":[\"https:\/\/poligloci.edu.pl\/en\/language-test\/\"]}]},{\"@type\":\"ImageObject\",\"inLanguage\":\"en-US\",\"@id\":\"https:\/\/poligloci.edu.pl\/en\/language-test\/#primaryimage\",\"url\":\"https:\/\/poligloci.edu.pl\/wp-content\/uploads\/2019\/10\/favicon_poligloci.png\",\"contentUrl\":\"https:\/\/poligloci.edu.pl\/wp-content\/uploads\/2019\/10\/favicon_poligloci.png\"},{\"@type\":\"BreadcrumbList\",\"@id\":\"https:\/\/poligloci.edu.pl\/en\/language-test\/#breadcrumb\",\"itemListElement\":[{\"@type\":\"ListItem\",\"position\":1,\"name\":\"Strona g\u0142\u00f3wna\",\"item\":\"https:\/\/poligloci.edu.pl\/en\/\"},{\"@type\":\"ListItem\",\"position\":2,\"name\":\"Language Test\"}]},{\"@type\":\"WebSite\",\"@id\":\"\/#website\",\"url\":\"\/\",\"name\":\"POLIGLOCI\",\"description\":\"Centrum Szkole\u0144 J\u0119zykowych, Szko\u0142a j\u0119zykowa, kurs angielskiego Katowice\",\"potentialAction\":[{\"@type\":\"SearchAction\",\"target\":{\"@type\":\"EntryPoint\",\"urlTemplate\":\"\/?s={search_term_string}\"},\"query-input\":{\"@type\":\"PropertyValueSpecification\",\"valueRequired\":true,\"valueName\":\"search_term_string\"}}],\"inLanguage\":\"en-US\"}]}<\/script>\n<!-- \/ Yoast SEO plugin. -->","yoast_head_json":{"title":"Language Test - POLIGLOCI","description":"Zastanawiasz si\u0119 nad kursem j\u0119zykowym? \u015awietnie! W zwi\u0105zku z tym zapraszamy do rozwi\u0105zania testu j\u0119zykowego poziomuj\u0105cego. Rozwi\u0105\u017c test j\u0119zykowy ju\u017c dzi\u015b.","robots":{"index":"index","follow":"follow","max-snippet":"max-snippet:-1","max-image-preview":"max-image-preview:large","max-video-preview":"max-video-preview:-1"},"canonical":"https:\/\/poligloci.edu.pl\/en\/language-test\/","og_locale":"en_US","og_type":"article","og_title":"Language Test - POLIGLOCI","og_description":"Zastanawiasz si\u0119 nad kursem j\u0119zykowym? \u015awietnie! W zwi\u0105zku z tym zapraszamy do rozwi\u0105zania testu j\u0119zykowego poziomuj\u0105cego. Rozwi\u0105\u017c test j\u0119zykowy ju\u017c dzi\u015b.","og_url":"https:\/\/poligloci.edu.pl\/en\/language-test\/","og_site_name":"POLIGLOCI","article_modified_time":"2020-01-31T08:18:55+00:00","og_image":[{"url":"https:\/\/poligloci.edu.pl\/wp-content\/uploads\/2019\/10\/favicon_poligloci.png","type":"","width":"","height":""}],"twitter_card":"summary_large_image","twitter_misc":{"Est. reading time":"1 minute"},"schema":{"@context":"https:\/\/schema.org","@graph":[{"@type":"WebPage","@id":"https:\/\/poligloci.edu.pl\/en\/language-test\/","url":"https:\/\/poligloci.edu.pl\/en\/language-test\/","name":"Language Test - POLIGLOCI","isPartOf":{"@id":"\/#website"},"primaryImageOfPage":{"@id":"https:\/\/poligloci.edu.pl\/en\/language-test\/#primaryimage"},"image":{"@id":"https:\/\/poligloci.edu.pl\/en\/language-test\/#primaryimage"},"thumbnailUrl":"https:\/\/poligloci.edu.pl\/wp-content\/uploads\/2019\/10\/favicon_poligloci.png","datePublished":"2019-10-14T18:49:32+00:00","dateModified":"2020-01-31T08:18:55+00:00","description":"Zastanawiasz si\u0119 nad kursem j\u0119zykowym? \u015awietnie! W zwi\u0105zku z tym zapraszamy do rozwi\u0105zania testu j\u0119zykowego poziomuj\u0105cego. Rozwi\u0105\u017c test j\u0119zykowy ju\u017c dzi\u015b.","breadcrumb":{"@id":"https:\/\/poligloci.edu.pl\/en\/language-test\/#breadcrumb"},"inLanguage":"en-US","potentialAction":[{"@type":"ReadAction","target":["https:\/\/poligloci.edu.pl\/en\/language-test\/"]}]},{"@type":"ImageObject","inLanguage":"en-US","@id":"https:\/\/poligloci.edu.pl\/en\/language-test\/#primaryimage","url":"https:\/\/poligloci.edu.pl\/wp-content\/uploads\/2019\/10\/favicon_poligloci.png","contentUrl":"https:\/\/poligloci.edu.pl\/wp-content\/uploads\/2019\/10\/favicon_poligloci.png"},{"@type":"BreadcrumbList","@id":"https:\/\/poligloci.edu.pl\/en\/language-test\/#breadcrumb","itemListElement":[{"@type":"ListItem","position":1,"name":"Strona g\u0142\u00f3wna","item":"https:\/\/poligloci.edu.pl\/en\/"},{"@type":"ListItem","position":2,"name":"Language Test"}]},{"@type":"WebSite","@id":"\/#website","url":"\/","name":"POLIGLOCI","description":"Centrum Szkole\u0144 J\u0119zykowych, Szko\u0142a j\u0119zykowa, kurs angielskiego Katowice","potentialAction":[{"@type":"SearchAction","target":{"@type":"EntryPoint","urlTemplate":"\/?s={search_term_string}"},"query-input":{"@type":"PropertyValueSpecification","valueRequired":true,"valueName":"search_term_string"}}],"inLanguage":"en-US"}]}},"builder_content":"<h1>Language Test<\/h1>\n<img src=\"http:\/\/poligloci.edu.pl\/wp-content\/uploads\/2019\/10\/favicon_poligloci.png\" width=\"32\" height=\"32\" title=\"Language Test\" alt=\"Language Test\">\n<p>Are you thinking about a language course? Great! Therefore, we invite you to take a placement test. What for?<\/p>\n<a href=\"http:\/\/poligloci.edu.pl\/eforms\/jezyk-angielski-test-poziomujacy\/52\/\" target=\"_blank\" rel=\"noopener\"> Start the English test <\/a> <a href=\"http:\/\/poligloci.edu.pl\/eforms\/jezyk-niemiecki-test-poziomujacy\/53\/\" target=\"_blank\" rel=\"noopener\"> Start the German test <\/a>\n<p style=\"text-align: center;\">We encourage you to take the language test after the course to check your progress!<\/p>\n<h2>Why is the language test worth taking?<\/h2>\n<img src=\"http:\/\/poligloci.edu.pl\/wp-content\/uploads\/2019\/10\/favicon_poligloci.png\" width=\"32\" height=\"32\" title=\"Language Test\" alt=\"Language Test\">\n<p>First of all, for your own awareness and assessment of your current level of language skills. Secondly, the language test will allow us to offer you a course that best suits your needs, to define the content of the classes, the mode and manner of their organization, as well as materials and methodological tools. Thirdly, the test is also a good way of learning, so you can treat it as an introduction to the first lesson.<\/p>\n<h2>How does the language test work?<\/h2>\n<img src=\"http:\/\/poligloci.edu.pl\/wp-content\/uploads\/2019\/10\/favicon_poligloci.png\" width=\"32\" height=\"32\" title=\"Language Test\" alt=\"Language Test\">\n<p>On the website you will find free placement tests in English and German. The test consists of 50 questions. There are four options for each question, only one of which contains the correct answer. Once the test has been completed, the result will be sent to the e-mail address indicated above in the form of the number of points obtained and the level of foreign language proficiency achieved on the EU scale.<\/p>","_links":{"self":[{"href":"https:\/\/poligloci.edu.pl\/en\/wp-json\/wp\/v2\/pages\/297","targetHints":{"allow":["GET"]}}],"collection":[{"href":"https:\/\/poligloci.edu.pl\/en\/wp-json\/wp\/v2\/pages"}],"about":[{"href":"https:\/\/poligloci.edu.pl\/en\/wp-json\/wp\/v2\/types\/page"}],"author":[{"embeddable":true,"href":"https:\/\/poligloci.edu.pl\/en\/wp-json\/wp\/v2\/users\/1"}],"replies":[{"embeddable":true,"href":"https:\/\/poligloci.edu.pl\/en\/wp-json\/wp\/v2\/comments?post=297"}],"version-history":[{"count":0,"href":"https:\/\/poligloci.edu.pl\/en\/wp-json\/wp\/v2\/pages\/297\/revisions"}],"wp:attachment":[{"href":"https:\/\/poligloci.edu.pl\/en\/wp-json\/wp\/v2\/media?parent=297"}],"curies":[{"name":"wp","href":"https:\/\/api.w.org\/{rel}","templated":true}]}}