{"id":301,"date":"2019-10-14T20:49:51","date_gmt":"2019-10-14T18:49:51","guid":{"rendered":"http:\/\/poligloci.edu.pl\/kontakt\/"},"modified":"2021-06-16T11:11:00","modified_gmt":"2021-06-16T09:11:00","slug":"contact","status":"publish","type":"page","link":"https:\/\/poligloci.edu.pl\/en\/contact\/","title":{"rendered":"Contact"},"content":{"rendered":"<!--themify_builder_content-->\n<div id=\"themify_builder_content-301\" data-postid=\"301\" class=\"themify_builder_content themify_builder_content-301 themify_builder tf_clear\">\n                    <div  data-lazy=\"1\" class=\"module_row themify_builder_row tb_0qay16 tb_first tf_w wow\" data-tf-animation=\"fadeIn\">\n                        <div class=\"row_inner col_align_top tb_col_count_2 tf_box tf_rel\">\n                        <div  data-lazy=\"1\" class=\"module_column tb-column col4-2 tb_e6y123 first\">\n                    <!-- module text -->\n<div  class=\"module module-text tb_1se926    wow\" data-tf-animation=\"fadeInDown\" data-tf-animation_delay=\".5\" data-lazy=\"1\">\n        <div  class=\"tb_text_wrap\">\n        <h1>Contact<\/h1>    <\/div>\n<\/div>\n<!-- \/module text --><!-- module image -->\n<div  class=\"module module-image tb_bdrv36 image-top  poligloci-div tf_mw wow\" data-tf-animation=\"fadeIn\" data-tf-animation_delay=\".6\" data-lazy=\"1\">\n        <div class=\"image-wrap tf_rel tf_mw\">\n            <img loading=\"lazy\" decoding=\"async\" src=\"http:\/\/poligloci.edu.pl\/wp-content\/uploads\/2019\/10\/favicon_poligloci.png\" width=\"32\" height=\"32\" title=\"Contact\" alt=\"Contact\">    \n        <\/div>\n    <!-- \/image-wrap -->\n    \n        <\/div>\n<!-- \/module image --><!-- module text -->\n<div  class=\"module module-text tb_sh1639    wow\" data-tf-animation=\"fadeInDown\" data-tf-animation_delay=\"0.7\" data-lazy=\"1\">\n        <div  class=\"tb_text_wrap\">\n        <p><strong>POLIGLOCI<\/strong> <br \/><strong>Centrum Szkole\u0144 J\u0119zykowych<\/strong><\/p>\n<p>We invite you to our headquarters located in:<\/p>\n<p>43-190 Miko\u0142\u00f3w, ul. Strzechy 43<br \/>tel. kom. 0 604470244, 0 608400244<br \/>e-mail:\u00a0<a href=\"mailto:biuro@poligloci.edu.pl\">biuro@poligloci.edu.pl<\/a><br \/>internet:\u00a0<a href=\"http:\/\/www.poligloci.edu.pl\/\">http:\/\/www.poligloci.edu.pl<\/a><\/p>\n<p><strong>We organize courses in companies and institutions all over the country!<\/strong><\/p>\n<p><strong>Welcome!<\/strong><\/p>    <\/div>\n<\/div>\n<!-- \/module text -->        <\/div>\n                    <div  data-lazy=\"1\" class=\"module_column tb-column col4-2 tb_gv3q40 last\">\n                            <\/div>\n                        <\/div>\n        <\/div>\n                        <div  data-css_id=\"av4u17\" data-lazy=\"1\" class=\"module_row themify_builder_row fullwidth_row_container tb_av4u17 tf_w wow\" data-tf-animation=\"fadeIn\">\n                        <div class=\"row_inner col_align_top tb_col_count_1 tf_box tf_rel\">\n                        <div  data-lazy=\"1\" class=\"module_column tb-column col-full tb_3w1651 first\">\n                            <\/div>\n                        <\/div>\n        <\/div>\n        <\/div>\n<!--\/themify_builder_content-->","protected":false},"excerpt":{"rendered":"<p>Contact POLIGLOCI Centrum Szkole\u0144 J\u0119zykowych We invite you to our headquarters located in: 43-190 Miko\u0142\u00f3w, ul. Strzechy 43tel. kom. 0 604470244, 0 608400244e-mail:\u00a0biuro@poligloci.edu.plinternet:\u00a0http:\/\/www.poligloci.edu.pl We organize courses in companies and institutions all over the country! Welcome!<\/p>\n","protected":false},"author":1,"featured_media":0,"parent":0,"menu_order":9,"comment_status":"closed","ping_status":"closed","template":"","meta":{"footnotes":""},"class_list":["post-301","page","type-page","status-publish","hentry","has-post-title","has-post-date","has-post-category","has-post-tag","has-post-comment","has-post-author",""],"yoast_head":"<!-- This site is optimized with the Yoast SEO plugin v24.5 - https:\/\/yoast.com\/wordpress\/plugins\/seo\/ -->\n<title>Contact - POLIGLOCI<\/title>\n<meta name=\"robots\" content=\"index, follow, max-snippet:-1, max-image-preview:large, max-video-preview:-1\" \/>\n<link rel=\"canonical\" href=\"https:\/\/poligloci.edu.pl\/en\/kontakt\/\" \/>\n<meta property=\"og:locale\" content=\"en_US\" \/>\n<meta property=\"og:type\" content=\"article\" \/>\n<meta property=\"og:title\" content=\"Contact - POLIGLOCI\" \/>\n<meta property=\"og:description\" content=\"Contact POLIGLOCI Centrum Szkole\u0144 J\u0119zykowych We invite you to our headquarters located in: 43-190 Miko\u0142\u00f3w, ul. Strzechy 43tel. kom. 0 604470244, 0 608400244e-mail:\u00a0biuro@poligloci.edu.plinternet:\u00a0http:\/\/www.poligloci.edu.pl We organize courses in companies and institutions all over the country! Welcome!\" \/>\n<meta property=\"og:url\" content=\"https:\/\/poligloci.edu.pl\/kontakt\/\" \/>\n<meta property=\"og:site_name\" content=\"POLIGLOCI\" \/>\n<meta property=\"article:modified_time\" content=\"2021-06-16T09:11:00+00:00\" \/>\n<meta property=\"og:image\" content=\"https:\/\/poligloci.edu.pl\/wp-content\/uploads\/2019\/10\/favicon_poligloci.png\" \/>\n<meta name=\"twitter:card\" content=\"summary_large_image\" \/>\n<script type=\"application\/ld+json\" class=\"yoast-schema-graph\">{\"@context\":\"https:\/\/schema.org\",\"@graph\":[{\"@type\":\"WebPage\",\"@id\":\"https:\/\/poligloci.edu.pl\/kontakt\/\",\"url\":\"https:\/\/poligloci.edu.pl\/kontakt\/\",\"name\":\"Contact - POLIGLOCI\",\"isPartOf\":{\"@id\":\"\/#website\"},\"primaryImageOfPage\":{\"@id\":\"https:\/\/poligloci.edu.pl\/kontakt\/#primaryimage\"},\"image\":{\"@id\":\"https:\/\/poligloci.edu.pl\/kontakt\/#primaryimage\"},\"thumbnailUrl\":\"https:\/\/poligloci.edu.pl\/wp-content\/uploads\/2019\/10\/favicon_poligloci.png\",\"datePublished\":\"2019-10-14T18:49:51+00:00\",\"dateModified\":\"2021-06-16T09:11:00+00:00\",\"breadcrumb\":{\"@id\":\"https:\/\/poligloci.edu.pl\/kontakt\/#breadcrumb\"},\"inLanguage\":\"en-US\",\"potentialAction\":[{\"@type\":\"ReadAction\",\"target\":[\"https:\/\/poligloci.edu.pl\/kontakt\/\"]}]},{\"@type\":\"ImageObject\",\"inLanguage\":\"en-US\",\"@id\":\"https:\/\/poligloci.edu.pl\/kontakt\/#primaryimage\",\"url\":\"https:\/\/poligloci.edu.pl\/wp-content\/uploads\/2019\/10\/favicon_poligloci.png\",\"contentUrl\":\"https:\/\/poligloci.edu.pl\/wp-content\/uploads\/2019\/10\/favicon_poligloci.png\"},{\"@type\":\"BreadcrumbList\",\"@id\":\"https:\/\/poligloci.edu.pl\/kontakt\/#breadcrumb\",\"itemListElement\":[{\"@type\":\"ListItem\",\"position\":1,\"name\":\"Strona g\u0142\u00f3wna\",\"item\":\"https:\/\/poligloci.edu.pl\/en\/\"},{\"@type\":\"ListItem\",\"position\":2,\"name\":\"Contact\"}]},{\"@type\":\"WebSite\",\"@id\":\"\/#website\",\"url\":\"\/\",\"name\":\"POLIGLOCI\",\"description\":\"Centrum Szkole\u0144 J\u0119zykowych, Szko\u0142a j\u0119zykowa, kurs angielskiego Katowice\",\"potentialAction\":[{\"@type\":\"SearchAction\",\"target\":{\"@type\":\"EntryPoint\",\"urlTemplate\":\"\/?s={search_term_string}\"},\"query-input\":{\"@type\":\"PropertyValueSpecification\",\"valueRequired\":true,\"valueName\":\"search_term_string\"}}],\"inLanguage\":\"en-US\"}]}<\/script>\n<!-- \/ Yoast SEO plugin. -->","yoast_head_json":{"title":"Contact - POLIGLOCI","robots":{"index":"index","follow":"follow","max-snippet":"max-snippet:-1","max-image-preview":"max-image-preview:large","max-video-preview":"max-video-preview:-1"},"canonical":"https:\/\/poligloci.edu.pl\/en\/kontakt\/","og_locale":"en_US","og_type":"article","og_title":"Contact - POLIGLOCI","og_description":"Contact POLIGLOCI Centrum Szkole\u0144 J\u0119zykowych We invite you to our headquarters located in: 43-190 Miko\u0142\u00f3w, ul. Strzechy 43tel. kom. 0 604470244, 0 608400244e-mail:\u00a0biuro@poligloci.edu.plinternet:\u00a0http:\/\/www.poligloci.edu.pl We organize courses in companies and institutions all over the country! Welcome!","og_url":"https:\/\/poligloci.edu.pl\/kontakt\/","og_site_name":"POLIGLOCI","article_modified_time":"2021-06-16T09:11:00+00:00","og_image":[{"url":"https:\/\/poligloci.edu.pl\/wp-content\/uploads\/2019\/10\/favicon_poligloci.png","type":"","width":"","height":""}],"twitter_card":"summary_large_image","schema":{"@context":"https:\/\/schema.org","@graph":[{"@type":"WebPage","@id":"https:\/\/poligloci.edu.pl\/kontakt\/","url":"https:\/\/poligloci.edu.pl\/kontakt\/","name":"Contact - POLIGLOCI","isPartOf":{"@id":"\/#website"},"primaryImageOfPage":{"@id":"https:\/\/poligloci.edu.pl\/kontakt\/#primaryimage"},"image":{"@id":"https:\/\/poligloci.edu.pl\/kontakt\/#primaryimage"},"thumbnailUrl":"https:\/\/poligloci.edu.pl\/wp-content\/uploads\/2019\/10\/favicon_poligloci.png","datePublished":"2019-10-14T18:49:51+00:00","dateModified":"2021-06-16T09:11:00+00:00","breadcrumb":{"@id":"https:\/\/poligloci.edu.pl\/kontakt\/#breadcrumb"},"inLanguage":"en-US","potentialAction":[{"@type":"ReadAction","target":["https:\/\/poligloci.edu.pl\/kontakt\/"]}]},{"@type":"ImageObject","inLanguage":"en-US","@id":"https:\/\/poligloci.edu.pl\/kontakt\/#primaryimage","url":"https:\/\/poligloci.edu.pl\/wp-content\/uploads\/2019\/10\/favicon_poligloci.png","contentUrl":"https:\/\/poligloci.edu.pl\/wp-content\/uploads\/2019\/10\/favicon_poligloci.png"},{"@type":"BreadcrumbList","@id":"https:\/\/poligloci.edu.pl\/kontakt\/#breadcrumb","itemListElement":[{"@type":"ListItem","position":1,"name":"Strona g\u0142\u00f3wna","item":"https:\/\/poligloci.edu.pl\/en\/"},{"@type":"ListItem","position":2,"name":"Contact"}]},{"@type":"WebSite","@id":"\/#website","url":"\/","name":"POLIGLOCI","description":"Centrum Szkole\u0144 J\u0119zykowych, Szko\u0142a j\u0119zykowa, kurs angielskiego Katowice","potentialAction":[{"@type":"SearchAction","target":{"@type":"EntryPoint","urlTemplate":"\/?s={search_term_string}"},"query-input":{"@type":"PropertyValueSpecification","valueRequired":true,"valueName":"search_term_string"}}],"inLanguage":"en-US"}]}},"builder_content":"<h1>Contact<\/h1>\n<img src=\"http:\/\/poligloci.edu.pl\/wp-content\/uploads\/2019\/10\/favicon_poligloci.png\" width=\"32\" height=\"32\" title=\"Contact\" alt=\"Contact\">\n<p><strong>POLIGLOCI<\/strong> <br \/><strong>Centrum Szkole\u0144 J\u0119zykowych<\/strong><\/p> <p>We invite you to our headquarters located in:<\/p> <p>43-190 Miko\u0142\u00f3w, ul. Strzechy 43<br \/>tel. kom. 0 604470244, 0 608400244<br \/>e-mail:\u00a0<a href=\"mailto:biuro@poligloci.edu.pl\">biuro@poligloci.edu.pl<\/a><br \/>internet:\u00a0<a href=\"http:\/\/www.poligloci.edu.pl\/\">http:\/\/www.poligloci.edu.pl<\/a><\/p> <p><strong>We organize courses in companies and institutions all over the country!<\/strong><\/p> <p><strong>Welcome!<\/strong><\/p>","_links":{"self":[{"href":"https:\/\/poligloci.edu.pl\/en\/wp-json\/wp\/v2\/pages\/301","targetHints":{"allow":["GET"]}}],"collection":[{"href":"https:\/\/poligloci.edu.pl\/en\/wp-json\/wp\/v2\/pages"}],"about":[{"href":"https:\/\/poligloci.edu.pl\/en\/wp-json\/wp\/v2\/types\/page"}],"author":[{"embeddable":true,"href":"https:\/\/poligloci.edu.pl\/en\/wp-json\/wp\/v2\/users\/1"}],"replies":[{"embeddable":true,"href":"https:\/\/poligloci.edu.pl\/en\/wp-json\/wp\/v2\/comments?post=301"}],"version-history":[{"count":2,"href":"https:\/\/poligloci.edu.pl\/en\/wp-json\/wp\/v2\/pages\/301\/revisions"}],"predecessor-version":[{"id":447,"href":"https:\/\/poligloci.edu.pl\/en\/wp-json\/wp\/v2\/pages\/301\/revisions\/447"}],"wp:attachment":[{"href":"https:\/\/poligloci.edu.pl\/en\/wp-json\/wp\/v2\/media?parent=301"}],"curies":[{"name":"wp","href":"https:\/\/api.w.org\/{rel}","templated":true}]}}